{"id":15865,"date":"2023-01-31T17:49:25","date_gmt":"2023-01-31T17:49:25","guid":{"rendered":"https:\/\/artoftravel.co.in\/fr\/?page_id=15865"},"modified":"2025-10-16T12:35:14","modified_gmt":"2025-10-16T10:35:14","slug":"pourquoi-nous-choisir","status":"publish","type":"page","link":"https:\/\/artoftravel.co.in\/fr\/pourquoi-nous-choisir\/","title":{"rendered":"Pourquoi nous choisir?"},"content":{"rendered":"\t\t<div data-elementor-type=\"wp-page\" data-elementor-id=\"15865\" class=\"elementor elementor-15865\" data-elementor-settings=\"{&quot;ha_cmc_init_switcher&quot;:&quot;no&quot;}\" data-elementor-post-type=\"page\">\n\t\t\t\t\t\t<section class=\"elementor-section elementor-top-section elementor-element elementor-element-0130dbc elementor-section-full_width elementor-section-height-default elementor-section-height-default\" data-id=\"0130dbc\" data-element_type=\"section\" data-e-type=\"section\" data-settings=\"{&quot;_ha_eqh_enable&quot;:false}\">\n\t\t\t\t\t\t<div class=\"elementor-container elementor-column-gap-default\">\n\t\t\t\t\t<div class=\"elementor-column elementor-col-100 elementor-top-column elementor-element elementor-element-d079bce\" data-id=\"d079bce\" data-element_type=\"column\" data-e-type=\"column\">\n\t\t\t<div class=\"elementor-widget-wrap elementor-element-populated\">\n\t\t\t\t\t\t<div class=\"elementor-element elementor-element-5cfd1be elementor-widget elementor-widget-heading\" data-id=\"5cfd1be\" data-element_type=\"widget\" data-e-type=\"widget\" data-settings=\"{&quot;ekit_we_effect_on&quot;:&quot;none&quot;}\" data-widget_type=\"heading.default\">\n\t\t\t\t\t\t<div class=\"elementor-widget-container\">\n\t\t\t\t\t<h1 class=\"elementor-heading-title elementor-size-default\">Pourquoi nous choisir?<\/h1>\t\t\t\t<\/div>\n\t\t\t\t<\/div>\n\t\t\t\t\t<\/div>\n\t\t<\/div>\n\t\t\t\t\t<\/div>\n\t\t<\/section>\n\t\t\t\t<section class=\"elementor-section elementor-top-section elementor-element elementor-element-dc73b52 elementor-section-full_width elementor-section-height-default elementor-section-height-default\" data-id=\"dc73b52\" data-element_type=\"section\" data-e-type=\"section\" data-settings=\"{&quot;_ha_eqh_enable&quot;:false}\">\n\t\t\t\t\t\t<div class=\"elementor-container elementor-column-gap-default\">\n\t\t\t\t\t<div class=\"elementor-column elementor-col-100 elementor-top-column elementor-element elementor-element-0d16a2b\" data-id=\"0d16a2b\" data-element_type=\"column\" data-e-type=\"column\">\n\t\t\t<div class=\"elementor-widget-wrap elementor-element-populated\">\n\t\t\t\t\t\t<div class=\"elementor-element elementor-element-1a26be3 elementor-widget elementor-widget-text-editor\" data-id=\"1a26be3\" data-element_type=\"widget\" data-e-type=\"widget\" data-settings=\"{&quot;ekit_we_effect_on&quot;:&quot;none&quot;}\" data-widget_type=\"text-editor.default\">\n\t\t\t\t\t\t<div class=\"elementor-widget-container\">\n\t\t\t\t\t\t\t\t\t<p><span style=\"color: inherit; font-family: inherit; font-size: inherit; font-style: inherit; font-weight: inherit; letter-spacing: inherit; text-transform: inherit;\">Chez\u00a0 <strong>Art of Travel India Holidays<\/strong>, nous nous distinguons comme la <strong><span style=\"color: #0000ff;\"><a style=\"color: #0000ff;\" href=\"https:\/\/artoftravel.co.in\/fr\/a-propos-de-nous\/\">meilleure agence de voyages en Inde<\/a><\/span>,<\/strong> offrant des exp\u00e9riences inoubliables et personnalis\u00e9es \u00e0 chaque voyageur. Forts de plusieurs ann\u00e9es d&rsquo;exp\u00e9rience, nous avons acquis une r\u00e9putation d&rsquo;excellence dans l&rsquo;organisation de <span style=\"color: #000080;\"><a style=\"color: #000080;\" href=\"https:\/\/artoftravel.co.in\/fr\/voyage-en-inde\/\"><strong>voyages en Inde<\/strong><\/a><\/span>. Que vous souhaitiez explorer les temples anciens du Rajasthan, faire une randonn\u00e9e dans l&rsquo;Himalaya ou vivre une exp\u00e9rience culturelle \u00e0 Varanasi, nous avons l\u2019expertise pour cr\u00e9er le voyage parfait.<\/span><\/p><p>Nos clients nous choisissent pour notre service personnalis\u00e9, notre attention aux d\u00e9tails et notre engagement \u00e0 offrir des itin\u00e9raires qui refl\u00e8tent la diversit\u00e9 et la richesse de l&rsquo;Inde. En tant que sp\u00e9cialistes du <strong>voyage en Inde,<\/strong> nous comprenons les besoins sp\u00e9cifiques de chaque voyageur, offrant des solutions adapt\u00e9es \u00e0 tous les budgets et pr\u00e9f\u00e9rences.<\/p><p>Gr\u00e2ce \u00e0 notre r\u00e9seau de partenaires locaux, nous garantissons des prix comp\u00e9titifs tout en offrant un service de qualit\u00e9 sup\u00e9rieure. Nos guides exp\u00e9riment\u00e9s, passionn\u00e9s par leur culture, enrichissent chaque visite avec des informations fascinantes et une approche authentique.<\/p><p>Alors, <strong>Pourquoi nous choisir<\/strong> ? Parce que nous sommes d\u00e9di\u00e9s \u00e0 rendre votre <span style=\"color: #000080;\"><a style=\"color: #000080;\" href=\"https:\/\/artoftravel.co.in\/fr\/voyage-en-inde\/\"><strong>voyage en Inde<\/strong> <\/a><\/span>non seulement m\u00e9morable, mais aussi enrichissant, confortable et sans tracas.<\/p><p><span style=\"color: #000080;\"><a style=\"color: #000080;\" href=\"https:\/\/artoftravel.co.in\/fr\/contactez-nous\/\"><strong>Contactez-nous<\/strong><\/a><\/span> d\u00e8s aujourd&rsquo;hui pour planifier votre aventure en Inde ! Notre \u00e9quipe est \u00e0 votre disposition pour r\u00e9pondre \u00e0 toutes vos questions et personnaliser votre <strong>voyage en Inde<\/strong> selon vos envies.<\/p>\t\t\t\t\t\t\t\t<\/div>\n\t\t\t\t<\/div>\n\t\t\t\t\t<\/div>\n\t\t<\/div>\n\t\t\t\t\t<\/div>\n\t\t<\/section>\n\t\t\t\t<section class=\"elementor-section elementor-top-section elementor-element elementor-element-a5a11f4 elementor-section-full_width elementor-section-height-default elementor-section-height-default\" data-id=\"a5a11f4\" data-element_type=\"section\" data-e-type=\"section\" data-settings=\"{&quot;_ha_eqh_enable&quot;:false}\">\n\t\t\t\t\t\t<div class=\"elementor-container elementor-column-gap-default\">\n\t\t\t\t\t<div class=\"elementor-column elementor-col-33 elementor-top-column elementor-element elementor-element-b8e8676\" data-id=\"b8e8676\" data-element_type=\"column\" data-e-type=\"column\" data-settings=\"{&quot;background_background&quot;:&quot;classic&quot;}\">\n\t\t\t<div class=\"elementor-widget-wrap elementor-element-populated\">\n\t\t\t\t\t\t<div class=\"elementor-element elementor-element-c74c1bb elementor-invisible elementor-widget elementor-widget-el_info_box\" data-id=\"c74c1bb\" data-element_type=\"widget\" data-e-type=\"widget\" data-settings=\"{&quot;_animation&quot;:&quot;fadeInUp&quot;,&quot;ekit_we_effect_on&quot;:&quot;none&quot;}\" data-widget_type=\"el_info_box.default\">\n\t\t\t\t\t\t<div class=\"elementor-widget-container\">\n\t\t\t\t\t<div id=\"idinfobox69d44383ba009\" class=\"dfd-info-box clearfix style-01 layout-01  idinfobox69d44383ba009 text-center\"><div class=\"dfd-animate-container\"><div class=\"icon-wrapper\"><div class=\"module-icon\" ><div class=\"hover-layer\"><\/div><i class=\"featured-icon dfd dfd-icon-chat\" style=\"font-size:50px; color:#E15A41; \" data-hover=\"\"><\/i><\/div><\/div><div class=\"info-box-title feature-title\">Conseils d&#039;experts<\/div><div class=\"wrap-delimiter\"><div class=\"delimiter\" ><\/div><\/div><div class=\"description\">Nos \u00e9quipes sont bien form\u00e9es aux destinations et savent trouver les informations de voyage les plus pertinentes pour vos besoins. De plus, nous avons de l'exp\u00e9rience dans la personnalisation des itin\u00e9raires en fonction des besoins de nos clients. Notre connaissance et notre exp\u00e9rience du r\u00e9seau de voyage \u00e0 travers l'Inde signifient que nous pouvons vous offrir l'une des exp\u00e9riences de voyage les plus incroyables.<\/div><\/div><\/div>\t\t\t\t<\/div>\n\t\t\t\t<\/div>\n\t\t\t\t\t<\/div>\n\t\t<\/div>\n\t\t\t\t<div class=\"elementor-column elementor-col-33 elementor-top-column elementor-element elementor-element-adb2c7a\" data-id=\"adb2c7a\" data-element_type=\"column\" data-e-type=\"column\">\n\t\t\t<div class=\"elementor-widget-wrap elementor-element-populated\">\n\t\t\t\t\t\t<div class=\"elementor-element elementor-element-f49d493 elementor-invisible elementor-widget elementor-widget-el_info_box\" data-id=\"f49d493\" data-element_type=\"widget\" data-e-type=\"widget\" data-settings=\"{&quot;_animation&quot;:&quot;fadeInUp&quot;,&quot;ekit_we_effect_on&quot;:&quot;none&quot;}\" data-widget_type=\"el_info_box.default\">\n\t\t\t\t\t\t<div class=\"elementor-widget-container\">\n\t\t\t\t\t<div id=\"idinfobox69d44383bac97\" class=\"dfd-info-box clearfix style-01 layout-01  idinfobox69d44383bac97 text-center\"><div class=\"dfd-animate-container\"><div class=\"icon-wrapper\"><div class=\"module-icon\" ><div class=\"hover-layer\"><\/div><i class=\"featured-icon dfd dfd-icon-beach\" style=\"font-size:50px; color:#E15A41; \" data-hover=\"\"><\/i><\/div><\/div><div class=\"info-box-title feature-title\">Niveau de satisfaction \u00e9lev\u00e9<\/div><div class=\"description\">Les forfaits touristiques d'Art of Travel India Holidays r\u00e9pondent \u00e0 des crit\u00e8res et des normes stricts, c'est pourquoi nous sommes \u00e9galement accr\u00e9dit\u00e9s au niveau national. Cela explique pourquoi nous sommes les meilleurs de l\u2019industrie, cr\u00e9dibles et bien form\u00e9s. Cela signifie que vous \u00eates entre de bonnes mains, aupr\u00e8s d\u2019une agence r\u00e9put\u00e9e et de confiance. Nous comprenons \u00e9galement que chaque partenaire a des besoins et des pr\u00e9f\u00e9rences individuels. Nous serons l\u00e0 pour les identifier et les satisfaire.<\/div><\/div><\/div>\t\t\t\t<\/div>\n\t\t\t\t<\/div>\n\t\t\t\t\t<\/div>\n\t\t<\/div>\n\t\t\t\t<div class=\"elementor-column elementor-col-33 elementor-top-column elementor-element elementor-element-345ed95\" data-id=\"345ed95\" data-element_type=\"column\" data-e-type=\"column\" data-settings=\"{&quot;background_background&quot;:&quot;classic&quot;}\">\n\t\t\t<div class=\"elementor-widget-wrap elementor-element-populated\">\n\t\t\t\t\t\t<div class=\"elementor-element elementor-element-6ddf91c elementor-invisible elementor-widget elementor-widget-el_info_box\" data-id=\"6ddf91c\" data-element_type=\"widget\" data-e-type=\"widget\" data-settings=\"{&quot;_animation&quot;:&quot;fadeInUp&quot;,&quot;ekit_we_effect_on&quot;:&quot;none&quot;}\" data-widget_type=\"el_info_box.default\">\n\t\t\t\t\t\t<div class=\"elementor-widget-container\">\n\t\t\t\t\t<div id=\"idinfobox69d44383bb9df\" class=\"dfd-info-box clearfix style-01 layout-01  idinfobox69d44383bb9df text-center\"><div class=\"dfd-animate-container\"><div class=\"icon-wrapper\"><div class=\"module-icon\" ><div class=\"hover-layer\"><\/div><i class=\"featured-icon dfd dfd-icon-calendar_date\" style=\"font-size:50px; color:#E15A41; \" data-hover=\"\"><\/i><\/div><\/div><div class=\"info-box-title feature-title\">Planification m\u00e9ticuleuse<\/div><div class=\"wrap-delimiter\"><div class=\"delimiter\" ><\/div><\/div><div class=\"description\">Notre \u00e9quipe se met \u00e0 la place de nos clients et planifie m\u00e9ticuleusement leur itin\u00e9raire et leur emploi du temps en fonction de leurs besoins de voyage. De plus, nous fournissons un horaire bien tenu pour chaque destination. Tout au long du parcours, nous agissons comme les yeux et les oreilles de nos clients et partenaires pour garantir que leur exp\u00e9rience avec nous soit toujours agr\u00e9able.<\/div><\/div><\/div>\t\t\t\t<\/div>\n\t\t\t\t<\/div>\n\t\t\t\t\t<\/div>\n\t\t<\/div>\n\t\t\t\t\t<\/div>\n\t\t<\/section>\n\t\t\t\t<section class=\"elementor-section elementor-top-section elementor-element elementor-element-827764d elementor-section-full_width elementor-section-height-default elementor-section-height-default\" data-id=\"827764d\" data-element_type=\"section\" data-e-type=\"section\" data-settings=\"{&quot;_ha_eqh_enable&quot;:false}\">\n\t\t\t\t\t\t<div class=\"elementor-container elementor-column-gap-default\">\n\t\t\t\t\t<div class=\"elementor-column elementor-col-33 elementor-top-column elementor-element elementor-element-213124e\" data-id=\"213124e\" data-element_type=\"column\" data-e-type=\"column\">\n\t\t\t<div class=\"elementor-widget-wrap elementor-element-populated\">\n\t\t\t\t\t\t<div class=\"elementor-element elementor-element-b8b5b03 elementor-invisible elementor-widget elementor-widget-el_info_box\" data-id=\"b8b5b03\" data-element_type=\"widget\" data-e-type=\"widget\" data-settings=\"{&quot;_animation&quot;:&quot;fadeInUp&quot;,&quot;ekit_we_effect_on&quot;:&quot;none&quot;}\" data-widget_type=\"el_info_box.default\">\n\t\t\t\t\t\t<div class=\"elementor-widget-container\">\n\t\t\t\t\t<div id=\"idinfobox69d44383bc744\" class=\"dfd-info-box clearfix style-01 layout-01  idinfobox69d44383bc744 text-center\"><div class=\"dfd-animate-container\"><div class=\"icon-wrapper\"><div class=\"module-icon\" ><div class=\"hover-layer\"><\/div><i class=\"featured-icon dfd dfd-icon-student\" style=\"font-size:50px; color:#E15A41; \" data-hover=\"\"><\/i><\/div><\/div><div class=\"info-box-title feature-title\">Conseils professionnels<\/div><div class=\"description\">En plus d'\u00eatre une agence de voyages, nous nous proposons comme centre d'information pour nos clients et partenaires. Nous traitons chaque information susceptible d'\u00eatre importante pour nos clients et veillons \u00e0 ce qu'elle leur parvienne en temps opportun. Nous apportons le grand soin \u00e0 la conception de nos offres.<\/div><\/div><\/div>\t\t\t\t<\/div>\n\t\t\t\t<\/div>\n\t\t\t\t\t<\/div>\n\t\t<\/div>\n\t\t\t\t<div class=\"elementor-column elementor-col-33 elementor-top-column elementor-element elementor-element-e356237\" data-id=\"e356237\" data-element_type=\"column\" data-e-type=\"column\" data-settings=\"{&quot;background_background&quot;:&quot;classic&quot;}\">\n\t\t\t<div class=\"elementor-widget-wrap elementor-element-populated\">\n\t\t\t\t\t\t<div class=\"elementor-element elementor-element-df07219 elementor-invisible elementor-widget elementor-widget-el_info_box\" data-id=\"df07219\" data-element_type=\"widget\" data-e-type=\"widget\" data-settings=\"{&quot;_animation&quot;:&quot;fadeInUp&quot;,&quot;ekit_we_effect_on&quot;:&quot;none&quot;}\" data-widget_type=\"el_info_box.default\">\n\t\t\t\t\t\t<div class=\"elementor-widget-container\">\n\t\t\t\t\t<div id=\"idinfobox69d44383bd37f\" class=\"dfd-info-box clearfix style-01 layout-01  idinfobox69d44383bd37f text-center\"><div class=\"dfd-animate-container\"><div class=\"icon-wrapper\"><div class=\"module-icon\" ><div class=\"hover-layer\"><\/div><i class=\"featured-icon dfd dfd-icon-time_clock\" style=\"font-size:50px; color:#E15A41; \" data-hover=\"\"><\/i><\/div><\/div><div class=\"info-box-title feature-title\">R\u00e9duction des temps de r\u00e9ponse<\/div><div class=\"wrap-delimiter\"><div class=\"delimiter\" ><\/div><\/div><div class=\"description\">Gr\u00e2ce \u00e0 nos connaissances de premi\u00e8re main, nous \u00e9conomisons de pr\u00e9cieuses heures de recherche en ligne. Nous comprenons parfaitement l\u2019importance du temps et notre temps de r\u00e9ponse est consid\u00e9rablement faible.<\/div><\/div><\/div>\t\t\t\t<\/div>\n\t\t\t\t<\/div>\n\t\t\t\t\t<\/div>\n\t\t<\/div>\n\t\t\t\t<div class=\"elementor-column elementor-col-33 elementor-top-column elementor-element elementor-element-fc66b94\" data-id=\"fc66b94\" data-element_type=\"column\" data-e-type=\"column\">\n\t\t\t<div class=\"elementor-widget-wrap elementor-element-populated\">\n\t\t\t\t\t\t<div class=\"elementor-element elementor-element-a805c2e elementor-invisible elementor-widget elementor-widget-el_info_box\" data-id=\"a805c2e\" data-element_type=\"widget\" data-e-type=\"widget\" data-settings=\"{&quot;_animation&quot;:&quot;fadeInUp&quot;,&quot;ekit_we_effect_on&quot;:&quot;none&quot;}\" data-widget_type=\"el_info_box.default\">\n\t\t\t\t\t\t<div class=\"elementor-widget-container\">\n\t\t\t\t\t<div id=\"idinfobox69d44383be05c\" class=\"dfd-info-box clearfix style-01 layout-01  idinfobox69d44383be05c text-center\"><div class=\"dfd-animate-container\"><div class=\"icon-wrapper\"><div class=\"module-icon\" ><div class=\"hover-layer\"><\/div><i class=\"featured-icon dfd dfd-icon-clock_1\" style=\"font-size:50px; color:#E15A41; \" data-hover=\"\"><\/i><\/div><\/div><div class=\"info-box-title feature-title\">\u00c9conomies de co\u00fbts et services \u00e0 valeur ajout\u00e9e<\/div><div class=\"description\">Nous croyons en la philosophie de la sur-livraison. Bien que nous ne nous \u00e9cartions jamais de notre budget, nous nous effor\u00e7ons toujours d'offrir des services \u00e0 valeur ajout\u00e9e, g\u00e9n\u00e9rant ainsi un niveau de satisfaction plus \u00e9lev\u00e9 parmi nos clients.<\/div><\/div><\/div>\t\t\t\t<\/div>\n\t\t\t\t<\/div>\n\t\t\t\t\t<\/div>\n\t\t<\/div>\n\t\t\t\t\t<\/div>\n\t\t<\/section>\n\t\t\t\t<section class=\"elementor-section elementor-top-section elementor-element elementor-element-175f9a3 elementor-section-full_width elementor-section-height-default elementor-section-height-default\" data-id=\"175f9a3\" data-element_type=\"section\" data-e-type=\"section\" data-settings=\"{&quot;_ha_eqh_enable&quot;:false}\">\n\t\t\t\t\t\t<div class=\"elementor-container elementor-column-gap-default\">\n\t\t\t\t\t<div class=\"elementor-column elementor-col-33 elementor-top-column elementor-element elementor-element-f91a6b7\" data-id=\"f91a6b7\" data-element_type=\"column\" data-e-type=\"column\" data-settings=\"{&quot;background_background&quot;:&quot;classic&quot;}\">\n\t\t\t<div class=\"elementor-widget-wrap elementor-element-populated\">\n\t\t\t\t\t<div class=\"elementor-background-overlay\"><\/div>\n\t\t\t\t\t\t<div class=\"elementor-element elementor-element-2a12ee9 elementor-invisible elementor-widget elementor-widget-el_info_box\" data-id=\"2a12ee9\" data-element_type=\"widget\" data-e-type=\"widget\" data-settings=\"{&quot;_animation&quot;:&quot;fadeInUp&quot;,&quot;ekit_we_effect_on&quot;:&quot;none&quot;}\" data-widget_type=\"el_info_box.default\">\n\t\t\t\t\t\t<div class=\"elementor-widget-container\">\n\t\t\t\t\t<div id=\"idinfobox69d44383bedd3\" class=\"dfd-info-box clearfix style-01 layout-01  idinfobox69d44383bedd3 text-center\"><div class=\"dfd-animate-container\"><div class=\"icon-wrapper\"><div class=\"module-icon\" ><div class=\"hover-layer\"><\/div><i class=\"featured-icon dfd dfd-icon-transfer_2\" style=\"font-size:50px; color:#E15A41; \" data-hover=\"\"><\/i><\/div><\/div><div class=\"info-box-title feature-title\">Recommandations impartiales<\/div><div class=\"wrap-delimiter\"><div class=\"delimiter\" ><\/div><\/div><div class=\"description\">Lorsque nous recommandons un forfait touristique, nous mettons toujours l\u2019accent sur le choix du client. Nous filtrons les meilleures options pour vous et faisons uniquement les recommandations qui ont vraiment du sens pour vous.<\/div><\/div><\/div>\t\t\t\t<\/div>\n\t\t\t\t<\/div>\n\t\t\t\t\t<\/div>\n\t\t<\/div>\n\t\t\t\t<div class=\"elementor-column elementor-col-33 elementor-top-column elementor-element elementor-element-d1edc15\" data-id=\"d1edc15\" data-element_type=\"column\" data-e-type=\"column\">\n\t\t\t<div class=\"elementor-widget-wrap elementor-element-populated\">\n\t\t\t\t\t\t<div class=\"elementor-element elementor-element-63d5db7 elementor-invisible elementor-widget elementor-widget-el_info_box\" data-id=\"63d5db7\" data-element_type=\"widget\" data-e-type=\"widget\" data-settings=\"{&quot;_animation&quot;:&quot;fadeInUp&quot;,&quot;ekit_we_effect_on&quot;:&quot;none&quot;}\" data-widget_type=\"el_info_box.default\">\n\t\t\t\t\t\t<div class=\"elementor-widget-container\">\n\t\t\t\t\t<div id=\"idinfobox69d44383bfc20\" class=\"dfd-info-box clearfix style-01 layout-01  idinfobox69d44383bfc20 text-center\"><div class=\"dfd-animate-container\"><div class=\"icon-wrapper\"><div class=\"module-icon\" ><div class=\"hover-layer\"><\/div><i class=\"featured-icon dfd dfd-icon-hour_glass_2\" style=\"font-size:50px; color:#E15A41; \" data-hover=\"\"><\/i><\/div><\/div><div class=\"info-box-title feature-title\">D\u00e9fense du client<\/div><div class=\"description\">Au cours du voyage, vous pouvez \u00eatre confront\u00e9 \u00e0 divers probl\u00e8mes. Toutefois, si des probl\u00e8mes surviennent, notre \u00e9quipe professionnelle est \u00e0 votre disposition pour prot\u00e9ger vos int\u00e9r\u00eats contre toute mauvaise pratique du fournisseur. Nous sommes disponibles 24h\/24 et 7j\/7, vous pouvez donc nous contacter imm\u00e9diatement si vous rencontrez des probl\u00e8mes.<\/div><\/div><\/div>\t\t\t\t<\/div>\n\t\t\t\t<\/div>\n\t\t\t\t\t<\/div>\n\t\t<\/div>\n\t\t\t\t<div class=\"elementor-column elementor-col-33 elementor-top-column elementor-element elementor-element-29ea5ce\" data-id=\"29ea5ce\" data-element_type=\"column\" data-e-type=\"column\" data-settings=\"{&quot;background_background&quot;:&quot;classic&quot;}\">\n\t\t\t<div class=\"elementor-widget-wrap elementor-element-populated\">\n\t\t\t\t\t\t<div class=\"elementor-element elementor-element-8bc4bc2 elementor-invisible elementor-widget elementor-widget-el_info_box\" data-id=\"8bc4bc2\" data-element_type=\"widget\" data-e-type=\"widget\" data-settings=\"{&quot;_animation&quot;:&quot;fadeInUp&quot;,&quot;ekit_we_effect_on&quot;:&quot;none&quot;}\" data-widget_type=\"el_info_box.default\">\n\t\t\t\t\t\t<div class=\"elementor-widget-container\">\n\t\t\t\t\t<div id=\"idinfobox69d44383c084e\" class=\"dfd-info-box clearfix style-01 layout-01  idinfobox69d44383c084e text-center\"><div class=\"dfd-animate-container\"><div class=\"icon-wrapper\"><div class=\"module-icon\" ><div class=\"hover-layer\"><\/div><i class=\"featured-icon dfd dfd-icon-champion_star\" style=\"font-size:50px; color:#E15A41; \" data-hover=\"\"><\/i><\/div><\/div><div class=\"info-box-title feature-title\">Engagement, d\u00e9vouement et connaissances approfondies<\/div><div class=\"wrap-delimiter\"><div class=\"delimiter\" ><\/div><\/div><div class=\"description\">En plus de tous les crit\u00e8res mentionn\u00e9s ci-dessus, nous nous engageons \u00e0 fournir un service de qualit\u00e9. Nos \u00e9quipes interviennent sur chaque d\u00e9tail de votre lieu de voyage. Art of Travel India Holidays est compos\u00e9 de personnes tr\u00e8s d\u00e9vou\u00e9es et motiv\u00e9es. De plus, les membres de notre \u00e9quipe poss\u00e8dent une connaissance approfondie et une attention particuli\u00e8re aux d\u00e9tails concernant les destinations pour garantir que chacun de nos clients soit satisfait \u00e0 100 %.<\/div><\/div><\/div>\t\t\t\t<\/div>\n\t\t\t\t<\/div>\n\t\t\t\t\t<\/div>\n\t\t<\/div>\n\t\t\t\t\t<\/div>\n\t\t<\/section>\n\t\t\t\t<\/div>\n\t\t","protected":false},"excerpt":{"rendered":"<p>Pourquoi nous choisir? Chez\u00a0 Art of Travel India Holidays, nous nous distinguons comme la meilleure agence de voyages en Inde, offrant des exp\u00e9riences inoubliables et personnalis\u00e9es \u00e0 chaque voyageur. Forts<\/p>\n","protected":false},"author":1,"featured_media":17198,"parent":0,"menu_order":0,"comment_status":"closed","ping_status":"closed","template":"","meta":{"_acf_changed":false,"footnotes":""},"tour":[],"class_list":["post-15865","page","type-page","status-publish","has-post-thumbnail","hentry"],"acf":[],"_links":{"self":[{"href":"https:\/\/artoftravel.co.in\/fr\/wp-json\/wp\/v2\/pages\/15865","targetHints":{"allow":["GET"]}}],"collection":[{"href":"https:\/\/artoftravel.co.in\/fr\/wp-json\/wp\/v2\/pages"}],"about":[{"href":"https:\/\/artoftravel.co.in\/fr\/wp-json\/wp\/v2\/types\/page"}],"author":[{"embeddable":true,"href":"https:\/\/artoftravel.co.in\/fr\/wp-json\/wp\/v2\/users\/1"}],"replies":[{"embeddable":true,"href":"https:\/\/artoftravel.co.in\/fr\/wp-json\/wp\/v2\/comments?post=15865"}],"version-history":[{"count":25,"href":"https:\/\/artoftravel.co.in\/fr\/wp-json\/wp\/v2\/pages\/15865\/revisions"}],"predecessor-version":[{"id":25844,"href":"https:\/\/artoftravel.co.in\/fr\/wp-json\/wp\/v2\/pages\/15865\/revisions\/25844"}],"wp:featuredmedia":[{"embeddable":true,"href":"https:\/\/artoftravel.co.in\/fr\/wp-json\/wp\/v2\/media\/17198"}],"wp:attachment":[{"href":"https:\/\/artoftravel.co.in\/fr\/wp-json\/wp\/v2\/media?parent=15865"}],"wp:term":[{"taxonomy":"tour","embeddable":true,"href":"https:\/\/artoftravel.co.in\/fr\/wp-json\/wp\/v2\/tour?post=15865"}],"curies":[{"name":"wp","href":"https:\/\/api.w.org\/{rel}","templated":true}]}}