{"id":15869,"date":"2023-01-31T17:50:25","date_gmt":"2023-01-31T17:50:25","guid":{"rendered":"https:\/\/artoftravel.co.in\/fr\/?page_id=15869"},"modified":"2025-10-16T12:24:26","modified_gmt":"2025-10-16T10:24:26","slug":"csr","status":"publish","type":"page","link":"https:\/\/artoftravel.co.in\/fr\/csr\/","title":{"rendered":"CSR"},"content":{"rendered":"\t\t<div data-elementor-type=\"wp-page\" data-elementor-id=\"15869\" class=\"elementor elementor-15869\" data-elementor-settings=\"{&quot;ha_cmc_init_switcher&quot;:&quot;no&quot;}\" data-elementor-post-type=\"page\">\n\t\t\t\t\t\t<section class=\"elementor-section elementor-top-section elementor-element elementor-element-f6dccd1 elementor-section-boxed elementor-section-height-default elementor-section-height-default\" data-id=\"f6dccd1\" data-element_type=\"section\" data-e-type=\"section\" data-settings=\"{&quot;_ha_eqh_enable&quot;:false}\">\n\t\t\t\t\t\t<div class=\"elementor-container elementor-column-gap-default\">\n\t\t\t\t\t<div class=\"elementor-column elementor-col-100 elementor-top-column elementor-element elementor-element-afb163d\" data-id=\"afb163d\" data-element_type=\"column\" data-e-type=\"column\">\n\t\t\t<div class=\"elementor-widget-wrap elementor-element-populated\">\n\t\t\t\t\t\t<div class=\"elementor-element elementor-element-1bbe6df elementor-invisible elementor-widget elementor-widget-heading\" data-id=\"1bbe6df\" data-element_type=\"widget\" data-e-type=\"widget\" data-settings=\"{&quot;_animation&quot;:&quot;fadeInUp&quot;,&quot;ekit_we_effect_on&quot;:&quot;none&quot;}\" data-widget_type=\"heading.default\">\n\t\t\t\t\t\t<div class=\"elementor-widget-container\">\n\t\t\t\t\t<h1 class=\"elementor-heading-title elementor-size-default\">Redonner \u00e0 la soci\u00e9t\u00e9<\/h1>\t\t\t\t<\/div>\n\t\t\t\t<\/div>\n\t\t\t\t<div class=\"elementor-element elementor-element-3691fab elementor-widget elementor-widget-text-editor\" data-id=\"3691fab\" data-element_type=\"widget\" data-e-type=\"widget\" data-settings=\"{&quot;ekit_we_effect_on&quot;:&quot;none&quot;}\" data-widget_type=\"text-editor.default\">\n\t\t\t\t\t\t<div class=\"elementor-widget-container\">\n\t\t\t\t\t\t\t\t\t<p>Chez Art of Travel, nous croyons fermement que la seule fa\u00e7on d\u2019exister et de grandir est de redonner une partie de nos ressources \u00e0 la soci\u00e9t\u00e9.<\/p><p>Donner en retour, ou la responsabilit\u00e9 sociale des entreprises comme on l\u2019appelle commun\u00e9ment, ne signifie pas simplement donner de l\u2019argent. Il s\u2019agit \u00e9galement de consacrer du temps et des efforts \u00e0 faire de notre plan\u00e8te et de notre soci\u00e9t\u00e9 un meilleur endroit o\u00f9 vivre.<\/p><p>Vous trouverez ci-dessous quelques initiatives RSE d&rsquo;Art of Travel :<\/p>\t\t\t\t\t\t\t\t<\/div>\n\t\t\t\t<\/div>\n\t\t\t\t\t<\/div>\n\t\t<\/div>\n\t\t\t\t\t<\/div>\n\t\t<\/section>\n\t\t\t\t<section class=\"elementor-section elementor-top-section elementor-element elementor-element-3c8391aa elementor-section-content-middle elementor-section-boxed elementor-section-height-default elementor-section-height-default\" data-id=\"3c8391aa\" data-element_type=\"section\" data-e-type=\"section\" data-settings=\"{&quot;_ha_eqh_enable&quot;:false}\">\n\t\t\t\t\t\t<div class=\"elementor-container elementor-column-gap-default\">\n\t\t\t\t\t<div class=\"elementor-column elementor-col-50 elementor-top-column elementor-element elementor-element-570600e0\" data-id=\"570600e0\" data-element_type=\"column\" data-e-type=\"column\">\n\t\t\t<div class=\"elementor-widget-wrap elementor-element-populated\">\n\t\t\t\t\t\t<div class=\"elementor-element elementor-element-03ca0ac elementor-widget elementor-widget-heading\" data-id=\"03ca0ac\" data-element_type=\"widget\" data-e-type=\"widget\" data-settings=\"{&quot;ekit_we_effect_on&quot;:&quot;none&quot;}\" data-widget_type=\"heading.default\">\n\t\t\t\t\t\t<div class=\"elementor-widget-container\">\n\t\t\t\t\t<h2 class=\"elementor-heading-title elementor-size-default\">\u00c9ducation<\/h2>\t\t\t\t<\/div>\n\t\t\t\t<\/div>\n\t\t\t\t<div class=\"elementor-element elementor-element-adb7dc9 elementor-widget elementor-widget-spacer\" data-id=\"adb7dc9\" data-element_type=\"widget\" data-e-type=\"widget\" data-settings=\"{&quot;ekit_we_effect_on&quot;:&quot;none&quot;}\" data-widget_type=\"spacer.default\">\n\t\t\t\t\t\t<div class=\"elementor-widget-container\">\n\t\t\t\t\t\t\t<div class=\"elementor-spacer\">\n\t\t\t<div class=\"elementor-spacer-inner\"><\/div>\n\t\t<\/div>\n\t\t\t\t\t\t<\/div>\n\t\t\t\t<\/div>\n\t\t\t\t<div class=\"elementor-element elementor-element-e251382 elementor-widget elementor-widget-text-editor\" data-id=\"e251382\" data-element_type=\"widget\" data-e-type=\"widget\" data-settings=\"{&quot;ekit_we_effect_on&quot;:&quot;none&quot;}\" data-widget_type=\"text-editor.default\">\n\t\t\t\t\t\t<div class=\"elementor-widget-container\">\n\t\t\t\t\t\t\t\t\t<p>Notre directeur, M. Nitin Shorawal, croit fermement que la cl\u00e9 d\u2019une vie meilleure est l\u2019\u00e9ducation, en particulier pour les couches inf\u00e9rieures de la soci\u00e9t\u00e9. Non seulement il poursuit ses \u00e9tudes malgr\u00e9 son emploi du temps charg\u00e9, mais il veille \u00e9galement \u00e0 \u00e9duquer les couches d\u00e9favoris\u00e9es de la soci\u00e9t\u00e9. Il est associ\u00e9 \u00e0 plusieurs programmes, tels que Teach India \u2013 une initiative du Times of India Group et HT Pathshala \u2013 le programme d\u2019enseignement du Hindustan Times.<\/p>\t\t\t\t\t\t\t\t<\/div>\n\t\t\t\t<\/div>\n\t\t\t\t\t<\/div>\n\t\t<\/div>\n\t\t\t\t<div class=\"elementor-column elementor-col-50 elementor-top-column elementor-element elementor-element-1780b66\" data-id=\"1780b66\" data-element_type=\"column\" data-e-type=\"column\">\n\t\t\t<div class=\"elementor-widget-wrap elementor-element-populated\">\n\t\t\t\t\t\t<div class=\"elementor-element elementor-element-2a62cab5 elementor-widget elementor-widget-image\" data-id=\"2a62cab5\" data-element_type=\"widget\" data-e-type=\"widget\" data-settings=\"{&quot;ekit_we_effect_on&quot;:&quot;none&quot;}\" data-widget_type=\"image.default\">\n\t\t\t\t\t\t<div class=\"elementor-widget-container\">\n\t\t\t\t\t\t\t\t\t\t\t\t\t\t\t<img fetchpriority=\"high\" decoding=\"async\" width=\"468\" height=\"480\" src=\"https:\/\/artoftravel.co.in\/fr\/wp-content\/uploads\/2023\/02\/11-1.png\" class=\"attachment-full size-full wp-image-16418\" alt=\"\" title=\"\">\t\t\t\t\t\t\t\t\t\t\t\t\t\t\t<\/div>\n\t\t\t\t<\/div>\n\t\t\t\t\t<\/div>\n\t\t<\/div>\n\t\t\t\t\t<\/div>\n\t\t<\/section>\n\t\t\t\t<section class=\"elementor-section elementor-top-section elementor-element elementor-element-1678629 elementor-section-content-middle elementor-section-boxed elementor-section-height-default elementor-section-height-default\" data-id=\"1678629\" data-element_type=\"section\" data-e-type=\"section\" data-settings=\"{&quot;_ha_eqh_enable&quot;:false}\">\n\t\t\t\t\t\t<div class=\"elementor-container elementor-column-gap-default\">\n\t\t\t\t\t<div class=\"elementor-column elementor-col-50 elementor-top-column elementor-element elementor-element-a34a4d8\" data-id=\"a34a4d8\" data-element_type=\"column\" data-e-type=\"column\">\n\t\t\t<div class=\"elementor-widget-wrap elementor-element-populated\">\n\t\t\t\t\t\t<div class=\"elementor-element elementor-element-26545eb elementor-widget elementor-widget-image\" data-id=\"26545eb\" data-element_type=\"widget\" data-e-type=\"widget\" data-settings=\"{&quot;ekit_we_effect_on&quot;:&quot;none&quot;}\" data-widget_type=\"image.default\">\n\t\t\t\t\t\t<div class=\"elementor-widget-container\">\n\t\t\t\t\t\t\t\t\t\t\t\t\t\t\t<img decoding=\"async\" width=\"468\" height=\"480\" src=\"https:\/\/artoftravel.co.in\/fr\/wp-content\/uploads\/2023\/02\/Untitled-design-3.png\" class=\"attachment-full size-full wp-image-16415\" alt=\"\" title=\"\">\t\t\t\t\t\t\t\t\t\t\t\t\t\t\t<\/div>\n\t\t\t\t<\/div>\n\t\t\t\t\t<\/div>\n\t\t<\/div>\n\t\t\t\t<div class=\"elementor-column elementor-col-50 elementor-top-column elementor-element elementor-element-04bf540\" data-id=\"04bf540\" data-element_type=\"column\" data-e-type=\"column\">\n\t\t\t<div class=\"elementor-widget-wrap elementor-element-populated\">\n\t\t\t\t\t\t<div class=\"elementor-element elementor-element-e30471e elementor-widget elementor-widget-heading\" data-id=\"e30471e\" data-element_type=\"widget\" data-e-type=\"widget\" data-settings=\"{&quot;ekit_we_effect_on&quot;:&quot;none&quot;}\" data-widget_type=\"heading.default\">\n\t\t\t\t\t\t<div class=\"elementor-widget-container\">\n\t\t\t\t\t<h2 class=\"elementor-heading-title elementor-size-default\">Secours en cas de catastrophe<\/h2>\t\t\t\t<\/div>\n\t\t\t\t<\/div>\n\t\t\t\t<div class=\"elementor-element elementor-element-bd2b22b elementor-widget elementor-widget-spacer\" data-id=\"bd2b22b\" data-element_type=\"widget\" data-e-type=\"widget\" data-settings=\"{&quot;ekit_we_effect_on&quot;:&quot;none&quot;}\" data-widget_type=\"spacer.default\">\n\t\t\t\t\t\t<div class=\"elementor-widget-container\">\n\t\t\t\t\t\t\t<div class=\"elementor-spacer\">\n\t\t\t<div class=\"elementor-spacer-inner\"><\/div>\n\t\t<\/div>\n\t\t\t\t\t\t<\/div>\n\t\t\t\t<\/div>\n\t\t\t\t<div class=\"elementor-element elementor-element-dfe5790 elementor-widget elementor-widget-text-editor\" data-id=\"dfe5790\" data-element_type=\"widget\" data-e-type=\"widget\" data-settings=\"{&quot;ekit_we_effect_on&quot;:&quot;none&quot;}\" data-widget_type=\"text-editor.default\">\n\t\t\t\t\t\t<div class=\"elementor-widget-container\">\n\t\t\t\t\t\t\t\t\t<p>Art of Travel, avec ses ressources limit\u00e9es, a toujours essay\u00e9 d&rsquo;apporter sa contribution lors de catastrophes. Qu&rsquo;il s&rsquo;agisse des inondations dans l&rsquo;Uttarakhand en 2013 ou du tremblement de terre au N\u00e9pal en 2015, Art of Travel a r\u00e9agi rapidement et a contribu\u00e9 en envoyant des fournitures de secours dans ces r\u00e9gions.<\/p><p>En cas de mauvais temps : le climat dans le nord de l\u2019Inde peut \u00eatre tr\u00e8s rude. De nombreuses personnes meurent dans les rues, surtout en p\u00e9riode de froid intense. Chaque ann\u00e9e, Art of Travel tente d\u2019aider les personnes dans le besoin dans ces conditions d\u00e9favorables en leur fournissant de la nourriture et des v\u00eatements chauds.<\/p>\t\t\t\t\t\t\t\t<\/div>\n\t\t\t\t<\/div>\n\t\t\t\t\t<\/div>\n\t\t<\/div>\n\t\t\t\t\t<\/div>\n\t\t<\/section>\n\t\t\t\t<section class=\"elementor-section elementor-top-section elementor-element elementor-element-7e661f7d elementor-section-height-full elementor-section-full_width elementor-section-stretched elementor-section-height-default elementor-section-items-middle\" data-id=\"7e661f7d\" data-element_type=\"section\" data-e-type=\"section\" data-settings=\"{&quot;background_background&quot;:&quot;classic&quot;,&quot;stretch_section&quot;:&quot;section-stretched&quot;,&quot;_ha_eqh_enable&quot;:false}\">\n\t\t\t\t\t\t\t<div class=\"elementor-background-overlay\"><\/div>\n\t\t\t\t\t\t\t<div class=\"elementor-container elementor-column-gap-default\">\n\t\t\t\t\t<div class=\"elementor-column elementor-col-50 elementor-top-column elementor-element elementor-element-327229be\" data-id=\"327229be\" data-element_type=\"column\" data-e-type=\"column\">\n\t\t\t<div class=\"elementor-widget-wrap elementor-element-populated\">\n\t\t\t\t\t\t<div class=\"elementor-element elementor-element-6576f3ef elementor-widget elementor-widget-heading\" data-id=\"6576f3ef\" data-element_type=\"widget\" data-e-type=\"widget\" data-settings=\"{&quot;ekit_we_effect_on&quot;:&quot;none&quot;}\" data-widget_type=\"heading.default\">\n\t\t\t\t\t\t<div class=\"elementor-widget-container\">\n\t\t\t\t\t<h2 class=\"elementor-heading-title elementor-size-default\">Aider l'humanit\u00e9<\/h2>\t\t\t\t<\/div>\n\t\t\t\t<\/div>\n\t\t\t\t<div class=\"elementor-element elementor-element-1c580b4e elementor-widget elementor-widget-heading\" data-id=\"1c580b4e\" data-element_type=\"widget\" data-e-type=\"widget\" data-settings=\"{&quot;ekit_we_effect_on&quot;:&quot;none&quot;}\" data-widget_type=\"heading.default\">\n\t\t\t\t\t\t<div class=\"elementor-widget-container\">\n\t\t\t\t\t<h2 class=\"elementor-heading-title elementor-size-default\">Sauver les enfants<\/h2>\t\t\t\t<\/div>\n\t\t\t\t<\/div>\n\t\t\t\t<div class=\"elementor-element elementor-element-26612f04 elementor-widget elementor-widget-heading\" data-id=\"26612f04\" data-element_type=\"widget\" data-e-type=\"widget\" data-settings=\"{&quot;ekit_we_effect_on&quot;:&quot;none&quot;}\" data-widget_type=\"heading.default\">\n\t\t\t\t\t\t<div class=\"elementor-widget-container\">\n\t\t\t\t\t<h2 class=\"elementor-heading-title elementor-size-default\">Art of Travel cherche \u00e9galement \u00e0 aider les personnes d\u00e9favoris\u00e9es \u00e0 travers diverses ONG, telles que Goonj et Panchawati Yogashram.<\/h2>\t\t\t\t<\/div>\n\t\t\t\t<\/div>\n\t\t\t\t\t<\/div>\n\t\t<\/div>\n\t\t\t\t<div class=\"elementor-column elementor-col-50 elementor-top-column elementor-element elementor-element-4da92470 btn-\" data-id=\"4da92470\" data-element_type=\"column\" data-e-type=\"column\">\n\t\t\t<div class=\"elementor-widget-wrap elementor-element-populated\">\n\t\t\t\t\t\t<div class=\"elementor-element elementor-element-2f493c8 elementor-align-center btn-video ha-has-bg-overlay elementor-widget elementor-widget-button\" data-id=\"2f493c8\" data-element_type=\"widget\" data-e-type=\"widget\" data-settings=\"{&quot;ekit_we_effect_on&quot;:&quot;none&quot;}\" data-widget_type=\"button.default\">\n\t\t\t\t\t\t<div class=\"elementor-widget-container\">\n\t\t\t\t\t\t\t\t\t<div class=\"elementor-button-wrapper\">\n\t\t\t\t\t<a class=\"elementor-button elementor-button-link elementor-size-xl elementor-animation-grow\" href=\"#elementor-action%3Aaction%3Dlightbox%26settings%3DeyJ0eXBlIjoidmlkZW8iLCJ2aWRlb1R5cGUiOiJob3N0ZWQiLCJ1cmwiOiJodHRwczpcL1wvd3d3LnlvdXR1YmUuY29tXC9AYXJ0b2Z0cmF2ZWxpbmRpYWhvbGlkYXlzNDE1MSJ9\">\n\t\t\t\t\t\t<span class=\"elementor-button-content-wrapper\">\n\t\t\t\t\t\t<span class=\"elementor-button-icon\">\n\t\t\t\t<i aria-hidden=\"true\" class=\"fas fa-play\"><\/i>\t\t\t<\/span>\n\t\t\t\t\t\t\t\t<\/span>\n\t\t\t\t\t<\/a>\n\t\t\t\t<\/div>\n\t\t\t\t\t\t\t\t<\/div>\n\t\t\t\t<\/div>\n\t\t\t\t\t<\/div>\n\t\t<\/div>\n\t\t\t\t\t<\/div>\n\t\t<\/section>\n\t\t\t\t<\/div>\n\t\t","protected":false},"excerpt":{"rendered":"<p>Redonner \u00e0 la soci\u00e9t\u00e9 Chez Art of Travel, nous croyons fermement que la seule fa\u00e7on d\u2019exister et de grandir est de redonner une partie de nos ressources \u00e0 la soci\u00e9t\u00e9.<\/p>\n","protected":false},"author":1,"featured_media":17189,"parent":0,"menu_order":0,"comment_status":"closed","ping_status":"closed","template":"","meta":{"_acf_changed":false,"footnotes":""},"tour":[],"class_list":["post-15869","page","type-page","status-publish","has-post-thumbnail","hentry"],"acf":[],"_links":{"self":[{"href":"https:\/\/artoftravel.co.in\/fr\/wp-json\/wp\/v2\/pages\/15869","targetHints":{"allow":["GET"]}}],"collection":[{"href":"https:\/\/artoftravel.co.in\/fr\/wp-json\/wp\/v2\/pages"}],"about":[{"href":"https:\/\/artoftravel.co.in\/fr\/wp-json\/wp\/v2\/types\/page"}],"author":[{"embeddable":true,"href":"https:\/\/artoftravel.co.in\/fr\/wp-json\/wp\/v2\/users\/1"}],"replies":[{"embeddable":true,"href":"https:\/\/artoftravel.co.in\/fr\/wp-json\/wp\/v2\/comments?post=15869"}],"version-history":[{"count":14,"href":"https:\/\/artoftravel.co.in\/fr\/wp-json\/wp\/v2\/pages\/15869\/revisions"}],"predecessor-version":[{"id":26041,"href":"https:\/\/artoftravel.co.in\/fr\/wp-json\/wp\/v2\/pages\/15869\/revisions\/26041"}],"wp:featuredmedia":[{"embeddable":true,"href":"https:\/\/artoftravel.co.in\/fr\/wp-json\/wp\/v2\/media\/17189"}],"wp:attachment":[{"href":"https:\/\/artoftravel.co.in\/fr\/wp-json\/wp\/v2\/media?parent=15869"}],"wp:term":[{"taxonomy":"tour","embeddable":true,"href":"https:\/\/artoftravel.co.in\/fr\/wp-json\/wp\/v2\/tour?post=15869"}],"curies":[{"name":"wp","href":"https:\/\/api.w.org\/{rel}","templated":true}]}}