{"id":16567,"date":"2023-02-07T11:58:32","date_gmt":"2023-02-07T11:58:32","guid":{"rendered":"https:\/\/artoftravel.co.in\/fr\/?page_id=16567"},"modified":"2025-10-06T09:46:22","modified_gmt":"2025-10-06T07:46:22","slug":"foire-de-pushkar","status":"publish","type":"page","link":"https:\/\/artoftravel.co.in\/fr\/foire-de-pushkar\/","title":{"rendered":"Foire de Pushkar"},"content":{"rendered":"\t\t<div data-elementor-type=\"wp-page\" data-elementor-id=\"16567\" class=\"elementor elementor-16567\" data-elementor-settings=\"{&quot;ha_cmc_init_switcher&quot;:&quot;no&quot;}\" data-elementor-post-type=\"page\">\n\t\t\t\t\t\t<section class=\"elementor-section elementor-top-section elementor-element elementor-element-3b944b0 elementor-section-full_width elementor-section-height-default elementor-section-height-default\" data-id=\"3b944b0\" data-element_type=\"section\" data-e-type=\"section\" data-settings=\"{&quot;_ha_eqh_enable&quot;:false}\">\n\t\t\t\t\t\t<div class=\"elementor-container elementor-column-gap-default\">\n\t\t\t\t\t<div class=\"elementor-column elementor-col-100 elementor-top-column elementor-element elementor-element-d98efd3\" data-id=\"d98efd3\" data-element_type=\"column\" data-e-type=\"column\">\n\t\t\t<div class=\"elementor-widget-wrap elementor-element-populated\">\n\t\t\t\t\t\t<div class=\"elementor-element elementor-element-f859da6 elementor-widget elementor-widget-heading\" data-id=\"f859da6\" data-element_type=\"widget\" data-e-type=\"widget\" data-settings=\"{&quot;ekit_we_effect_on&quot;:&quot;none&quot;}\" data-widget_type=\"heading.default\">\n\t\t\t\t\t\t<div class=\"elementor-widget-container\">\n\t\t\t\t\t<h1 class=\"elementor-heading-title elementor-size-default\">Pushkar ka Mela : la spectaculaire foire aux chameaux du Rajasthan\n<\/h1>\t\t\t\t<\/div>\n\t\t\t\t<\/div>\n\t\t\t\t\t<\/div>\n\t\t<\/div>\n\t\t\t\t\t<\/div>\n\t\t<\/section>\n\t\t\t\t<section class=\"elementor-section elementor-top-section elementor-element elementor-element-58921fa elementor-section-full_width elementor-section-height-default elementor-section-height-default\" data-id=\"58921fa\" data-element_type=\"section\" data-e-type=\"section\" data-settings=\"{&quot;_ha_eqh_enable&quot;:false}\">\n\t\t\t\t\t\t<div class=\"elementor-container elementor-column-gap-default\">\n\t\t\t\t\t<div class=\"elementor-column elementor-col-100 elementor-top-column elementor-element elementor-element-a300bcd\" data-id=\"a300bcd\" data-element_type=\"column\" data-e-type=\"column\">\n\t\t\t<div class=\"elementor-widget-wrap elementor-element-populated\">\n\t\t\t\t\t\t<div class=\"elementor-element elementor-element-71a0354 elementor-widget elementor-widget-text-editor\" data-id=\"71a0354\" data-element_type=\"widget\" data-e-type=\"widget\" data-settings=\"{&quot;ekit_we_effect_on&quot;:&quot;none&quot;}\" data-widget_type=\"text-editor.default\">\n\t\t\t\t\t\t<div class=\"elementor-widget-container\">\n\t\t\t\t\t\t\t\t\t<p style=\"text-align: left;\">Sur les rives du lac Pushkar, des milliers de personnes se rassemblent pour assister au Pushkar ka Mela. Organis\u00e9e dans l&rsquo;\u00c9tat du Rajasthan, c&rsquo;est l&rsquo;une des plus grandes foires aux chameaux au monde. Des milliers de regards sont riv\u00e9s sur les \u00e9v\u00e9nements qui se d\u00e9roulent pendant cette foire annuelle de cinq jours consacr\u00e9e aux chameaux et au b\u00e9tail, devenue une attraction touristique majeure.<\/p><p>Historiquement, Pushkar est consid\u00e9r\u00e9 comme l&rsquo;un des cinq dhams que les hindous aspirent \u00e0 visiter une fois dans leur vie, ce qui le rend extr\u00eamement sp\u00e9cial. Elle est c\u00e9l\u00e9br\u00e9e pendant cinq jours \u00e0 partir du jour de la pleine lune d&rsquo;octobre-novembre (de Kartika Ekadashi \u00e0 Kartika Purnima). La foire est joliment d\u00e9cor\u00e9e avec divers magasins et des d\u00e9corations anim\u00e9es. De nombreuses activit\u00e9s et \u00e9v\u00e9nements sont \u00e0 d\u00e9couvrir au cours de ces cinq jours. Les activit\u00e9s et \u00e9v\u00e9nements attendus par les visiteurs comprennent des \u00e9changes et des \u00e9changes de b\u00e9tail, de la musique, des stands et des expositions. La foire d\u00e9bute par une course de chameaux, ce qui donne un \u00e9lan majeur \u00e0 l&rsquo;\u00e9v\u00e9nement. Les visiteurs se baignent dans les eaux sacr\u00e9es du lac Pushkar, surtout le jour de la pleine lune.<\/p><p>En plus des diverses activit\u00e9s et \u00e9v\u00e9nements, la petite et belle ville de Pushkar est un endroit fascinant avec un climat extr\u00eame. C&rsquo;est une vall\u00e9e absolument parfaite pour accueillir la plus grande foire aux bestiaux du monde. Il capte l\u2019attention de tous et offre un lieu de plaisir et de divertissement pour chaque individu. <strong>Foire aux chameaux de Pushkar 2025 : du 30 octobre au 5 novembre.<\/strong><\/p>\t\t\t\t\t\t\t\t<\/div>\n\t\t\t\t<\/div>\n\t\t\t\t\t<\/div>\n\t\t<\/div>\n\t\t\t\t\t<\/div>\n\t\t<\/section>\n\t\t\t\t<section class=\"elementor-section elementor-top-section elementor-element elementor-element-76170ec elementor-section-boxed elementor-section-height-default elementor-section-height-default\" data-id=\"76170ec\" data-element_type=\"section\" data-e-type=\"section\" data-settings=\"{&quot;_ha_eqh_enable&quot;:false}\">\n\t\t\t\t\t\t<div class=\"elementor-container elementor-column-gap-default\">\n\t\t\t\t\t<div class=\"elementor-column elementor-col-33 elementor-top-column elementor-element elementor-element-37dbb60\" data-id=\"37dbb60\" data-element_type=\"column\" data-e-type=\"column\">\n\t\t\t<div class=\"elementor-widget-wrap elementor-element-populated\">\n\t\t\t\t\t\t<div class=\"elementor-element elementor-element-12ba12a elementor-widget elementor-widget-heading\" data-id=\"12ba12a\" data-element_type=\"widget\" data-e-type=\"widget\" data-settings=\"{&quot;ekit_we_effect_on&quot;:&quot;none&quot;}\" data-widget_type=\"heading.default\">\n\t\t\t\t\t\t<div class=\"elementor-widget-container\">\n\t\t\t\t\t<p class=\"elementor-heading-title elementor-size-default\"><a href=\"https:\/\/artoftravel.co.in\/fr\/foire-de-pushkar\/foire-de-pushkar-avec-le-rajasthan\/\"><b>Vue de Pushkar avec le Rajasthan\n<\/b><\/a><\/p>\t\t\t\t<\/div>\n\t\t\t\t<\/div>\n\t\t\t\t<div class=\"elementor-element elementor-element-b6e6732 elementor-widget elementor-widget-image\" data-id=\"b6e6732\" data-element_type=\"widget\" data-e-type=\"widget\" data-settings=\"{&quot;ekit_we_effect_on&quot;:&quot;none&quot;}\" data-widget_type=\"image.default\">\n\t\t\t\t\t\t<div class=\"elementor-widget-container\">\n\t\t\t\t\t\t\t\t\t\t\t\t\t\t\t\t<a href=\"https:\/\/artoftravel.co.in\/fr\/foire-de-pushkar\/foire-de-pushkar-avec-le-rajasthan\/\">\n\t\t\t\t\t\t\t<img fetchpriority=\"high\" decoding=\"async\" width=\"1024\" height=\"622\" src=\"https:\/\/artoftravel.co.in\/fr\/wp-content\/uploads\/2023\/02\/swarajya_2022-10_472bed30-c44e-440d-bbc7-fea0b46a9da5_Image2-1-1024x622.jpg\" class=\"attachment-large size-large wp-image-17742\" alt=\"\" srcset=\"https:\/\/artoftravel.co.in\/fr\/wp-content\/uploads\/2023\/02\/swarajya_2022-10_472bed30-c44e-440d-bbc7-fea0b46a9da5_Image2-1-1024x622.jpg 1024w, https:\/\/artoftravel.co.in\/fr\/wp-content\/uploads\/2023\/02\/swarajya_2022-10_472bed30-c44e-440d-bbc7-fea0b46a9da5_Image2-1-300x182.jpg 300w, https:\/\/artoftravel.co.in\/fr\/wp-content\/uploads\/2023\/02\/swarajya_2022-10_472bed30-c44e-440d-bbc7-fea0b46a9da5_Image2-1-768x467.jpg 768w, https:\/\/artoftravel.co.in\/fr\/wp-content\/uploads\/2023\/02\/swarajya_2022-10_472bed30-c44e-440d-bbc7-fea0b46a9da5_Image2-1.jpg 1280w\" sizes=\"(max-width: 1024px) 100vw, 1024px\" title=\"\">\t\t\t\t\t\t\t\t<\/a>\n\t\t\t\t\t\t\t\t\t\t\t\t\t\t\t<\/div>\n\t\t\t\t<\/div>\n\t\t\t\t<div class=\"elementor-element elementor-element-c5e712c elementor-widget elementor-widget-text-editor\" data-id=\"c5e712c\" data-element_type=\"widget\" data-e-type=\"widget\" data-settings=\"{&quot;ekit_we_effect_on&quot;:&quot;none&quot;}\" data-widget_type=\"text-editor.default\">\n\t\t\t\t\t\t<div class=\"elementor-widget-container\">\n\t\t\t\t\t\t\t\t\t<p style=\"text-align: center;\"><a href=\"https:\/\/artoftravel.co.in\/fr\/foire-de-pushkar\/foire-de-pushkar-avec-le-rajasthan\/\"><strong>Dur\u00e9e : 10 Jours \/ 9 Nuits<\/strong><\/a><br \/><a href=\"https:\/\/artoftravel.co.in\/fr\/foire-de-pushkar\/foire-de-pushkar-avec-le-rajasthan\/\"><strong>Lieux : Delhi \u2013 Agra \u2013 Jaipur \u2013 Pushkar \u2013 Jodhpur \u2013 Delhi<\/strong><\/a><\/p>\t\t\t\t\t\t\t\t<\/div>\n\t\t\t\t<\/div>\n\t\t\t\t\t<\/div>\n\t\t<\/div>\n\t\t\t\t<div class=\"elementor-column elementor-col-33 elementor-top-column elementor-element elementor-element-fbc1cb1\" data-id=\"fbc1cb1\" data-element_type=\"column\" data-e-type=\"column\">\n\t\t\t<div class=\"elementor-widget-wrap elementor-element-populated\">\n\t\t\t\t\t\t<div class=\"elementor-element elementor-element-1e8d324 elementor-widget elementor-widget-heading\" data-id=\"1e8d324\" data-element_type=\"widget\" data-e-type=\"widget\" data-settings=\"{&quot;ekit_we_effect_on&quot;:&quot;none&quot;}\" data-widget_type=\"heading.default\">\n\t\t\t\t\t\t<div class=\"elementor-widget-container\">\n\t\t\t\t\t<p class=\"elementor-heading-title elementor-size-default\"><a href=\"https:\/\/artoftravel.co.in\/fr\/foire-de-pushkar\/feria-de-pushkar-avec-varanasi\/\"><b>Photo de Pushkar avec Varanasi<\/b><\/a><\/p>\t\t\t\t<\/div>\n\t\t\t\t<\/div>\n\t\t\t\t<div class=\"elementor-element elementor-element-e2c1f60 elementor-widget elementor-widget-image\" data-id=\"e2c1f60\" data-element_type=\"widget\" data-e-type=\"widget\" data-settings=\"{&quot;ekit_we_effect_on&quot;:&quot;none&quot;}\" data-widget_type=\"image.default\">\n\t\t\t\t\t\t<div class=\"elementor-widget-container\">\n\t\t\t\t\t\t\t\t\t\t\t\t\t\t\t\t<a href=\"https:\/\/artoftravel.co.in\/fr\/foire-de-pushkar\/feria-de-pushkar-avec-varanasi\/\">\n\t\t\t\t\t\t\t<img decoding=\"async\" width=\"1024\" height=\"622\" src=\"https:\/\/artoftravel.co.in\/fr\/wp-content\/uploads\/2023\/02\/5ec4b9ed47304349305f2b7e35f7ea8f-2-1-1024x622.jpg\" class=\"attachment-large size-large wp-image-17744\" alt=\"\" srcset=\"https:\/\/artoftravel.co.in\/fr\/wp-content\/uploads\/2023\/02\/5ec4b9ed47304349305f2b7e35f7ea8f-2-1-1024x622.jpg 1024w, https:\/\/artoftravel.co.in\/fr\/wp-content\/uploads\/2023\/02\/5ec4b9ed47304349305f2b7e35f7ea8f-2-1-300x182.jpg 300w, https:\/\/artoftravel.co.in\/fr\/wp-content\/uploads\/2023\/02\/5ec4b9ed47304349305f2b7e35f7ea8f-2-1-768x467.jpg 768w, https:\/\/artoftravel.co.in\/fr\/wp-content\/uploads\/2023\/02\/5ec4b9ed47304349305f2b7e35f7ea8f-2-1.jpg 1280w\" sizes=\"(max-width: 1024px) 100vw, 1024px\" title=\"\">\t\t\t\t\t\t\t\t<\/a>\n\t\t\t\t\t\t\t\t\t\t\t\t\t\t\t<\/div>\n\t\t\t\t<\/div>\n\t\t\t\t<div class=\"elementor-element elementor-element-00e959f elementor-widget elementor-widget-text-editor\" data-id=\"00e959f\" data-element_type=\"widget\" data-e-type=\"widget\" data-settings=\"{&quot;ekit_we_effect_on&quot;:&quot;none&quot;}\" data-widget_type=\"text-editor.default\">\n\t\t\t\t\t\t<div class=\"elementor-widget-container\">\n\t\t\t\t\t\t\t\t\t<p style=\"text-align: center;\"><a href=\"https:\/\/artoftravel.co.in\/fr\/foire-de-pushkar\/feria-de-pushkar-avec-varanasi\/\"><strong>Dur\u00e9e : 13 Jours \/ 12 Nuits<\/strong><\/a><br \/><a href=\"https:\/\/artoftravel.co.in\/fr\/foire-de-pushkar\/feria-de-pushkar-avec-varanasi\/\"><strong>Localisations : Delhi \u2013 Ajmer \u2013 Pushkar \u2013 Jaipur \u2013 Agra \u2013 Khajuraho \u2013 Varanasi \u2013 Delhi<\/strong><\/a><\/p>\t\t\t\t\t\t\t\t<\/div>\n\t\t\t\t<\/div>\n\t\t\t\t\t<\/div>\n\t\t<\/div>\n\t\t\t\t<div class=\"elementor-column elementor-col-33 elementor-top-column elementor-element elementor-element-67dd930\" data-id=\"67dd930\" data-element_type=\"column\" data-e-type=\"column\">\n\t\t\t<div class=\"elementor-widget-wrap\">\n\t\t\t\t\t\t\t<\/div>\n\t\t<\/div>\n\t\t\t\t\t<\/div>\n\t\t<\/section>\n\t\t\t\t<\/div>\n\t\t","protected":false},"excerpt":{"rendered":"<p>Pushkar ka Mela : la spectaculaire foire aux chameaux du Rajasthan Sur les rives du lac Pushkar, des milliers de personnes se rassemblent pour assister au Pushkar ka Mela. Organis\u00e9e<\/p>\n","protected":false},"author":1,"featured_media":26029,"parent":0,"menu_order":0,"comment_status":"closed","ping_status":"closed","template":"","meta":{"_acf_changed":false,"footnotes":""},"tour":[],"class_list":["post-16567","page","type-page","status-publish","has-post-thumbnail","hentry"],"acf":[],"_links":{"self":[{"href":"https:\/\/artoftravel.co.in\/fr\/wp-json\/wp\/v2\/pages\/16567","targetHints":{"allow":["GET"]}}],"collection":[{"href":"https:\/\/artoftravel.co.in\/fr\/wp-json\/wp\/v2\/pages"}],"about":[{"href":"https:\/\/artoftravel.co.in\/fr\/wp-json\/wp\/v2\/types\/page"}],"author":[{"embeddable":true,"href":"https:\/\/artoftravel.co.in\/fr\/wp-json\/wp\/v2\/users\/1"}],"replies":[{"embeddable":true,"href":"https:\/\/artoftravel.co.in\/fr\/wp-json\/wp\/v2\/comments?post=16567"}],"version-history":[{"count":102,"href":"https:\/\/artoftravel.co.in\/fr\/wp-json\/wp\/v2\/pages\/16567\/revisions"}],"predecessor-version":[{"id":25949,"href":"https:\/\/artoftravel.co.in\/fr\/wp-json\/wp\/v2\/pages\/16567\/revisions\/25949"}],"wp:featuredmedia":[{"embeddable":true,"href":"https:\/\/artoftravel.co.in\/fr\/wp-json\/wp\/v2\/media\/26029"}],"wp:attachment":[{"href":"https:\/\/artoftravel.co.in\/fr\/wp-json\/wp\/v2\/media?parent=16567"}],"wp:term":[{"taxonomy":"tour","embeddable":true,"href":"https:\/\/artoftravel.co.in\/fr\/wp-json\/wp\/v2\/tour?post=16567"}],"curies":[{"name":"wp","href":"https:\/\/api.w.org\/{rel}","templated":true}]}}