{"id":16841,"date":"2023-02-14T06:03:29","date_gmt":"2023-02-14T06:03:29","guid":{"rendered":"https:\/\/artoftravel.co.in\/fr\/?page_id=16841"},"modified":"2025-09-05T09:29:46","modified_gmt":"2025-09-05T07:29:46","slug":"mela-du-kumbh","status":"publish","type":"page","link":"https:\/\/artoftravel.co.in\/fr\/mela-du-kumbh\/","title":{"rendered":"Mela du Kumbh"},"content":{"rendered":"\t\t<div data-elementor-type=\"wp-page\" data-elementor-id=\"16841\" class=\"elementor elementor-16841\" data-elementor-settings=\"{&quot;ha_cmc_init_switcher&quot;:&quot;no&quot;}\" data-elementor-post-type=\"page\">\n\t\t\t\t\t\t<section class=\"elementor-section elementor-top-section elementor-element elementor-element-6b9a7701 elementor-section-boxed elementor-section-height-default elementor-section-height-default\" data-id=\"6b9a7701\" data-element_type=\"section\" data-e-type=\"section\" data-settings=\"{&quot;_ha_eqh_enable&quot;:false}\">\n\t\t\t\t\t\t<div class=\"elementor-container elementor-column-gap-default\">\n\t\t\t\t\t<div class=\"elementor-column elementor-col-100 elementor-top-column elementor-element elementor-element-dc1c639\" data-id=\"dc1c639\" data-element_type=\"column\" data-e-type=\"column\">\n\t\t\t<div class=\"elementor-widget-wrap elementor-element-populated\">\n\t\t\t\t\t\t<div class=\"elementor-element elementor-element-47113c4b elementor-widget elementor-widget-heading\" data-id=\"47113c4b\" data-element_type=\"widget\" data-e-type=\"widget\" data-settings=\"{&quot;ekit_we_effect_on&quot;:&quot;none&quot;}\" data-widget_type=\"heading.default\">\n\t\t\t\t\t\t<div class=\"elementor-widget-container\">\n\t\t\t\t\t<h1 class=\"elementor-heading-title elementor-size-default\">Les Tours de P\u00e8lerinage du Kumbh Mela<\/h1>\t\t\t\t<\/div>\n\t\t\t\t<\/div>\n\t\t\t\t<div class=\"elementor-element elementor-element-2dd750d2 elementor-widget elementor-widget-text-editor\" data-id=\"2dd750d2\" data-element_type=\"widget\" data-e-type=\"widget\" data-settings=\"{&quot;ekit_we_effect_on&quot;:&quot;none&quot;}\" data-widget_type=\"text-editor.default\">\n\t\t\t\t\t\t<div class=\"elementor-widget-container\">\n\t\t\t\t\t\t\t\t\t<p style=\"text-align: left;\">Le Kumbh Mela est bien plus qu\u2019un simple p\u00e8lerinage; c\u2019est une exp\u00e9rience spirituelle et culturelle unique. \u00c9v\u00e9nement sacr\u00e9 et grandiose, il attire des millions de p\u00e8lerins du monde entier. En 2025, le Kumbh Mela \u00e0 Varanasi sera une occasion exceptionnelle de vivre ce festival mythique dans l\u2019une des villes les plus saintes de l\u2019Inde. Avec <strong>Art of Travel India Holidays<\/strong>, l\u2019une des meilleures agences sp\u00e9cialis\u00e9es dans les voyages en Inde, vous d\u00e9couvrirez le Kumbh Mela dans toute sa splendeur.<\/p><p style=\"text-align: left;\">Voyage en Inde : D\u00e9couvrez la spiritualit\u00e9 au Kumbh Mela <br \/>Pour ceux qui souhaitent explorer les traditions spirituelles profondes, un <a href=\"https:\/\/artoftravel.co.in\/fr\/blog\/\"><strong>voyage en Inde<\/strong><\/a>\u00a0\u00e0 l\u2019occasion du Kumbh Mela est incontournable. Le festival rassemble des sadhus, des p\u00e8lerins et des visiteurs venus chercher la b\u00e9n\u00e9diction divine et se purifier dans les eaux sacr\u00e9es du Gange. Avec notre agence de voyages en Inde, vous aurez un acc\u00e8s privil\u00e9gi\u00e9 \u00e0 des lieux sacr\u00e9s, des c\u00e9r\u00e9monies vibrantes et des guides exp\u00e9riment\u00e9s pour enrichir votre exp\u00e9rience.<\/p><p style=\"text-align: left;\">Voyages en Inde : Une aventure culturelle et spirituelle <br \/>L\u2019Inde est un m\u00e9lange captivant de traditions anciennes et de modernit\u00e9. En choisissant notre <a href=\"https:\/\/artoftravel.co.in\/fr\/a-propos-de-nous\/\"><strong>agence de voyages vers l&rsquo;Inde<\/strong><\/a>, vous b\u00e9n\u00e9ficierez d\u2019itin\u00e9raires sur mesure qui combinent le Kumbh Mela avec d&rsquo;autres attractions incontournables, comme les ghats de Varanasi, les temples embl\u00e9matiques et les villages authentiques. Nos experts, issus des meilleures agences pour voyager en Inde, assurent une exp\u00e9rience fluide, en s\u2019occupant de chaque d\u00e9tail, des h\u00e9bergements \u00e0 la logistique.<\/p><p style=\"text-align: left;\"><strong>Pourquoi choisir Art of Travel India Holidays ? <\/strong><br \/>En tant qu&rsquo;<strong>agence de voyages Inde<\/strong>, nous comprenons les besoins sp\u00e9cifiques des voyageurs internationaux. Que vous soyez un p\u00e8lerin, un passionn\u00e9 de culture ou un voyageur curieux, nous vous proposons des circuits adapt\u00e9s. Notre expertise en tant qu\u2019<a href=\"https:\/\/artoftravel.co.in\/fr\/a-propos-de-nous\/\"><strong>agence sp\u00e9cialis\u00e9e dans les voyages en Inde<\/strong><\/a>\u00a0garantit une exp\u00e9rience inoubliable, alliant spiritualit\u00e9 et d\u00e9couverte.<\/p><p style=\"text-align: left;\">Ne manquez pas <a href=\"https:\/\/artoftravel.co.in\/fr\/mela-du-kumbh\/kumbh-mela-avec-varanasi\/\"><strong>KumbhMela India 2025<\/strong><\/a>\u00a0\u00e0 Varanasi. Laissez-nous faire de votre voyage en Inde une aventure m\u00e9morable et transformativ<\/p>\t\t\t\t\t\t\t\t<\/div>\n\t\t\t\t<\/div>\n\t\t\t\t\t<\/div>\n\t\t<\/div>\n\t\t\t\t\t<\/div>\n\t\t<\/section>\n\t\t\t\t<section class=\"elementor-section elementor-top-section elementor-element elementor-element-c3804ab elementor-section-boxed elementor-section-height-default elementor-section-height-default\" data-id=\"c3804ab\" data-element_type=\"section\" data-e-type=\"section\" data-settings=\"{&quot;_ha_eqh_enable&quot;:false}\">\n\t\t\t\t\t\t<div class=\"elementor-container elementor-column-gap-default\">\n\t\t\t\t\t<div class=\"elementor-column elementor-col-33 elementor-top-column elementor-element elementor-element-402124a\" data-id=\"402124a\" data-element_type=\"column\" data-e-type=\"column\">\n\t\t\t<div class=\"elementor-widget-wrap elementor-element-populated\">\n\t\t\t\t\t\t<div class=\"elementor-element elementor-element-2f51675 elementor-widget elementor-widget-heading\" data-id=\"2f51675\" data-element_type=\"widget\" data-e-type=\"widget\" data-settings=\"{&quot;ekit_we_effect_on&quot;:&quot;none&quot;}\" data-widget_type=\"heading.default\">\n\t\t\t\t\t\t<div class=\"elementor-widget-container\">\n\t\t\t\t\t<p class=\"elementor-heading-title elementor-size-default\"><a href=\"https:\/\/artoftravel.co.in\/fr\/mela-du-kumbh\/kumbh-mela-avec-lucknow\/\"><b>Kumbh Mela avec Lucknow\n<\/b><\/a><\/p>\t\t\t\t<\/div>\n\t\t\t\t<\/div>\n\t\t\t\t<div class=\"elementor-element elementor-element-75a5443 elementor-widget elementor-widget-image\" data-id=\"75a5443\" data-element_type=\"widget\" data-e-type=\"widget\" data-settings=\"{&quot;ekit_we_effect_on&quot;:&quot;none&quot;}\" data-widget_type=\"image.default\">\n\t\t\t\t\t\t<div class=\"elementor-widget-container\">\n\t\t\t\t\t\t\t\t\t\t\t\t\t\t\t\t<a href=\"https:\/\/artoftravel.co.in\/fr\/mela-du-kumbh\/kumbh-mela-avec-lucknow\/\">\n\t\t\t\t\t\t\t<img fetchpriority=\"high\" decoding=\"async\" width=\"1024\" height=\"622\" src=\"https:\/\/artoftravel.co.in\/fr\/wp-content\/uploads\/2024\/10\/kumbh-mela-2025-1-1024x622.jpg\" class=\"attachment-large size-large wp-image-19529\" alt=\"\" srcset=\"https:\/\/artoftravel.co.in\/fr\/wp-content\/uploads\/2024\/10\/kumbh-mela-2025-1-1024x622.jpg 1024w, https:\/\/artoftravel.co.in\/fr\/wp-content\/uploads\/2024\/10\/kumbh-mela-2025-1-300x182.jpg 300w, https:\/\/artoftravel.co.in\/fr\/wp-content\/uploads\/2024\/10\/kumbh-mela-2025-1-768x467.jpg 768w, https:\/\/artoftravel.co.in\/fr\/wp-content\/uploads\/2024\/10\/kumbh-mela-2025-1.jpg 1280w\" sizes=\"(max-width: 1024px) 100vw, 1024px\" title=\"\">\t\t\t\t\t\t\t\t<\/a>\n\t\t\t\t\t\t\t\t\t\t\t\t\t\t\t<\/div>\n\t\t\t\t<\/div>\n\t\t\t\t<div class=\"elementor-element elementor-element-03639cb elementor-widget elementor-widget-text-editor\" data-id=\"03639cb\" data-element_type=\"widget\" data-e-type=\"widget\" data-settings=\"{&quot;ekit_we_effect_on&quot;:&quot;none&quot;}\" data-widget_type=\"text-editor.default\">\n\t\t\t\t\t\t<div class=\"elementor-widget-container\">\n\t\t\t\t\t\t\t\t\t<p style=\"text-align: center;\"><a href=\"https:\/\/artoftravel.co.in\/fr\/mela-du-kumbh\/kumbh-mela-avec-lucknow\/\"><strong>Kumbh Mela avec Lucknow<\/strong><\/a><br \/><a href=\"https:\/\/artoftravel.co.in\/fr\/mela-du-kumbh\/kumbh-mela-avec-lucknow\/\"><strong>(Delhi \u2013 Prayagraj \u2013 Lucknow \u2013 Agra \u2013 Jaipur \u2013 Delhi)<\/strong><\/a><\/p><p style=\"text-align: center;\">\u00a0<\/p>\t\t\t\t\t\t\t\t<\/div>\n\t\t\t\t<\/div>\n\t\t\t\t\t<\/div>\n\t\t<\/div>\n\t\t\t\t<div class=\"elementor-column elementor-col-33 elementor-top-column elementor-element elementor-element-8937cbf\" data-id=\"8937cbf\" data-element_type=\"column\" data-e-type=\"column\">\n\t\t\t<div class=\"elementor-widget-wrap elementor-element-populated\">\n\t\t\t\t\t\t<div class=\"elementor-element elementor-element-d7b880b elementor-widget elementor-widget-heading\" data-id=\"d7b880b\" data-element_type=\"widget\" data-e-type=\"widget\" data-settings=\"{&quot;ekit_we_effect_on&quot;:&quot;none&quot;}\" data-widget_type=\"heading.default\">\n\t\t\t\t\t\t<div class=\"elementor-widget-container\">\n\t\t\t\t\t<p class=\"elementor-heading-title elementor-size-default\"><a href=\"https:\/\/artoftravel.co.in\/fr\/mela-du-kumbh\/kumbh-mela-avec-varanasi\/\"><b>Kumbh Mela avec Varanasi\n<\/b><\/a><\/p>\t\t\t\t<\/div>\n\t\t\t\t<\/div>\n\t\t\t\t<div class=\"elementor-element elementor-element-f027c35 elementor-widget elementor-widget-image\" data-id=\"f027c35\" data-element_type=\"widget\" data-e-type=\"widget\" data-settings=\"{&quot;ekit_we_effect_on&quot;:&quot;none&quot;}\" data-widget_type=\"image.default\">\n\t\t\t\t\t\t<div class=\"elementor-widget-container\">\n\t\t\t\t\t\t\t\t\t\t\t\t\t\t\t\t<a href=\"https:\/\/artoftravel.co.in\/fr\/mela-du-kumbh\/kumbh-mela-avec-varanasi\/\">\n\t\t\t\t\t\t\t<img decoding=\"async\" width=\"1024\" height=\"622\" src=\"https:\/\/artoftravel.co.in\/fr\/wp-content\/uploads\/2024\/10\/Kumbh-Mela-1024x622.jpg\" class=\"attachment-large size-large wp-image-19520\" alt=\"\" srcset=\"https:\/\/artoftravel.co.in\/fr\/wp-content\/uploads\/2024\/10\/Kumbh-Mela-1024x622.jpg 1024w, https:\/\/artoftravel.co.in\/fr\/wp-content\/uploads\/2024\/10\/Kumbh-Mela-300x182.jpg 300w, https:\/\/artoftravel.co.in\/fr\/wp-content\/uploads\/2024\/10\/Kumbh-Mela-768x467.jpg 768w, https:\/\/artoftravel.co.in\/fr\/wp-content\/uploads\/2024\/10\/Kumbh-Mela.jpg 1280w\" sizes=\"(max-width: 1024px) 100vw, 1024px\" title=\"\">\t\t\t\t\t\t\t\t<\/a>\n\t\t\t\t\t\t\t\t\t\t\t\t\t\t\t<\/div>\n\t\t\t\t<\/div>\n\t\t\t\t<div class=\"elementor-element elementor-element-77dfd8a elementor-widget elementor-widget-text-editor\" data-id=\"77dfd8a\" data-element_type=\"widget\" data-e-type=\"widget\" data-settings=\"{&quot;ekit_we_effect_on&quot;:&quot;none&quot;}\" data-widget_type=\"text-editor.default\">\n\t\t\t\t\t\t<div class=\"elementor-widget-container\">\n\t\t\t\t\t\t\t\t\t<p style=\"text-align: center;\"><a href=\"https:\/\/artoftravel.co.in\/fr\/mela-du-kumbh\/kumbh-mela-avec-varanasi\/\"><strong>Kumbh Mela avec Varanasi<\/strong><\/a><br \/><a href=\"https:\/\/artoftravel.co.in\/fr\/mela-du-kumbh\/kumbh-mela-avec-varanasi\/\"><strong>(Delhi \u2013 Prayagraj \u2013 Varanasi \u2013 Delhi)<\/strong><\/a><\/p>\t\t\t\t\t\t\t\t<\/div>\n\t\t\t\t<\/div>\n\t\t\t\t\t<\/div>\n\t\t<\/div>\n\t\t\t\t<div class=\"elementor-column elementor-col-33 elementor-top-column elementor-element elementor-element-6dce0bd\" data-id=\"6dce0bd\" data-element_type=\"column\" data-e-type=\"column\">\n\t\t\t<div class=\"elementor-widget-wrap elementor-element-populated\">\n\t\t\t\t\t\t<div class=\"elementor-element elementor-element-c4289db elementor-widget elementor-widget-heading\" data-id=\"c4289db\" data-element_type=\"widget\" data-e-type=\"widget\" data-settings=\"{&quot;ekit_we_effect_on&quot;:&quot;none&quot;}\" data-widget_type=\"heading.default\">\n\t\t\t\t\t\t<div class=\"elementor-widget-container\">\n\t\t\t\t\t<p class=\"elementor-heading-title elementor-size-default\"><a href=\"https:\/\/artoftravel.co.in\/fr\/mela-du-kumbh\/kumbh-mela-india\/\"><b>Kumbh Mela India\n<\/b><\/a><\/p>\t\t\t\t<\/div>\n\t\t\t\t<\/div>\n\t\t\t\t<div class=\"elementor-element elementor-element-60036b9 elementor-widget elementor-widget-image\" data-id=\"60036b9\" data-element_type=\"widget\" data-e-type=\"widget\" data-settings=\"{&quot;ekit_we_effect_on&quot;:&quot;none&quot;}\" data-widget_type=\"image.default\">\n\t\t\t\t\t\t<div class=\"elementor-widget-container\">\n\t\t\t\t\t\t\t\t\t\t\t\t\t\t\t\t<a href=\"https:\/\/artoftravel.co.in\/fr\/mela-du-kumbh\/kumbh-mela-india\/\">\n\t\t\t\t\t\t\t<img decoding=\"async\" width=\"1024\" height=\"622\" src=\"https:\/\/artoftravel.co.in\/fr\/wp-content\/uploads\/2024\/10\/kumbh-mela-1-1024x622.jpg\" class=\"attachment-large size-large wp-image-19297\" alt=\"\" srcset=\"https:\/\/artoftravel.co.in\/fr\/wp-content\/uploads\/2024\/10\/kumbh-mela-1-1024x622.jpg 1024w, https:\/\/artoftravel.co.in\/fr\/wp-content\/uploads\/2024\/10\/kumbh-mela-1-300x182.jpg 300w, https:\/\/artoftravel.co.in\/fr\/wp-content\/uploads\/2024\/10\/kumbh-mela-1-768x467.jpg 768w, https:\/\/artoftravel.co.in\/fr\/wp-content\/uploads\/2024\/10\/kumbh-mela-1.jpg 1280w\" sizes=\"(max-width: 1024px) 100vw, 1024px\" title=\"\">\t\t\t\t\t\t\t\t<\/a>\n\t\t\t\t\t\t\t\t\t\t\t\t\t\t\t<\/div>\n\t\t\t\t<\/div>\n\t\t\t\t<div class=\"elementor-element elementor-element-301fab2 elementor-widget elementor-widget-text-editor\" data-id=\"301fab2\" data-element_type=\"widget\" data-e-type=\"widget\" data-settings=\"{&quot;ekit_we_effect_on&quot;:&quot;none&quot;}\" data-widget_type=\"text-editor.default\">\n\t\t\t\t\t\t<div class=\"elementor-widget-container\">\n\t\t\t\t\t\t\t\t\t<p style=\"text-align: center;\"><a href=\"https:\/\/artoftravel.co.in\/fr\/mela-du-kumbh\/kumbh-mela-india\/\"><strong>Kumbh Mela India<\/strong><\/a><br \/><a href=\"https:\/\/artoftravel.co.in\/fr\/mela-du-kumbh\/kumbh-mela-india\/\"><strong>(Delhi \u2013 Prayagraj \u2013 Delhi)<\/strong><\/a><\/p>\t\t\t\t\t\t\t\t<\/div>\n\t\t\t\t<\/div>\n\t\t\t\t\t<\/div>\n\t\t<\/div>\n\t\t\t\t\t<\/div>\n\t\t<\/section>\n\t\t\t\t<section class=\"elementor-section elementor-top-section elementor-element elementor-element-4d7d207 elementor-section-boxed elementor-section-height-default elementor-section-height-default\" data-id=\"4d7d207\" data-element_type=\"section\" data-e-type=\"section\" data-settings=\"{&quot;_ha_eqh_enable&quot;:false}\">\n\t\t\t\t\t\t<div class=\"elementor-container elementor-column-gap-default\">\n\t\t\t\t\t<div class=\"elementor-column elementor-col-100 elementor-top-column elementor-element elementor-element-eff7f71\" data-id=\"eff7f71\" data-element_type=\"column\" data-e-type=\"column\">\n\t\t\t<div class=\"elementor-widget-wrap elementor-element-populated\">\n\t\t\t\t\t\t<section class=\"elementor-section elementor-inner-section elementor-element elementor-element-2e618ee elementor-section-boxed elementor-section-height-default elementor-section-height-default\" data-id=\"2e618ee\" data-element_type=\"section\" data-e-type=\"section\" data-settings=\"{&quot;_ha_eqh_enable&quot;:false}\">\n\t\t\t\t\t\t<div class=\"elementor-container elementor-column-gap-default\">\n\t\t\t\t\t<div class=\"elementor-column elementor-col-50 elementor-inner-column elementor-element elementor-element-76551ce\" data-id=\"76551ce\" data-element_type=\"column\" data-e-type=\"column\">\n\t\t\t<div class=\"elementor-widget-wrap\">\n\t\t\t\t\t\t\t<\/div>\n\t\t<\/div>\n\t\t\t\t<div class=\"elementor-column elementor-col-50 elementor-inner-column elementor-element elementor-element-46f4bb3\" data-id=\"46f4bb3\" data-element_type=\"column\" data-e-type=\"column\">\n\t\t\t<div class=\"elementor-widget-wrap\">\n\t\t\t\t\t\t\t<\/div>\n\t\t<\/div>\n\t\t\t\t\t<\/div>\n\t\t<\/section>\n\t\t\t\t\t<\/div>\n\t\t<\/div>\n\t\t\t\t\t<\/div>\n\t\t<\/section>\n\t\t\t\t<\/div>\n\t\t","protected":false},"excerpt":{"rendered":"<p>Les Tours de P\u00e8lerinage du Kumbh Mela Le Kumbh Mela est bien plus qu\u2019un simple p\u00e8lerinage; c\u2019est une exp\u00e9rience spirituelle et culturelle unique. \u00c9v\u00e9nement sacr\u00e9 et grandiose, il attire des<\/p>\n","protected":false},"author":1,"featured_media":17117,"parent":0,"menu_order":0,"comment_status":"closed","ping_status":"closed","template":"","meta":{"_acf_changed":false,"footnotes":""},"tour":[],"class_list":["post-16841","page","type-page","status-publish","has-post-thumbnail","hentry"],"acf":[],"_links":{"self":[{"href":"https:\/\/artoftravel.co.in\/fr\/wp-json\/wp\/v2\/pages\/16841","targetHints":{"allow":["GET"]}}],"collection":[{"href":"https:\/\/artoftravel.co.in\/fr\/wp-json\/wp\/v2\/pages"}],"about":[{"href":"https:\/\/artoftravel.co.in\/fr\/wp-json\/wp\/v2\/types\/page"}],"author":[{"embeddable":true,"href":"https:\/\/artoftravel.co.in\/fr\/wp-json\/wp\/v2\/users\/1"}],"replies":[{"embeddable":true,"href":"https:\/\/artoftravel.co.in\/fr\/wp-json\/wp\/v2\/comments?post=16841"}],"version-history":[{"count":43,"href":"https:\/\/artoftravel.co.in\/fr\/wp-json\/wp\/v2\/pages\/16841\/revisions"}],"predecessor-version":[{"id":25951,"href":"https:\/\/artoftravel.co.in\/fr\/wp-json\/wp\/v2\/pages\/16841\/revisions\/25951"}],"wp:featuredmedia":[{"embeddable":true,"href":"https:\/\/artoftravel.co.in\/fr\/wp-json\/wp\/v2\/media\/17117"}],"wp:attachment":[{"href":"https:\/\/artoftravel.co.in\/fr\/wp-json\/wp\/v2\/media?parent=16841"}],"wp:term":[{"taxonomy":"tour","embeddable":true,"href":"https:\/\/artoftravel.co.in\/fr\/wp-json\/wp\/v2\/tour?post=16841"}],"curies":[{"name":"wp","href":"https:\/\/api.w.org\/{rel}","templated":true}]}}