{"id":17068,"date":"2023-02-16T07:19:45","date_gmt":"2023-02-16T07:19:45","guid":{"rendered":"https:\/\/artoftravel.co.in\/fr\/?page_id=17068"},"modified":"2025-09-05T10:51:19","modified_gmt":"2025-09-05T08:51:19","slug":"outils","status":"publish","type":"page","link":"https:\/\/artoftravel.co.in\/fr\/outils\/","title":{"rendered":"Outils"},"content":{"rendered":"\t\t<div data-elementor-type=\"wp-page\" data-elementor-id=\"17068\" class=\"elementor elementor-17068\" data-elementor-settings=\"{&quot;ha_cmc_init_switcher&quot;:&quot;no&quot;}\" data-elementor-post-type=\"page\">\n\t\t\t\t\t\t<section class=\"elementor-section elementor-top-section elementor-element elementor-element-67f023b elementor-section-boxed elementor-section-height-default elementor-section-height-default\" data-id=\"67f023b\" data-element_type=\"section\" data-e-type=\"section\" data-settings=\"{&quot;_ha_eqh_enable&quot;:false}\">\n\t\t\t\t\t\t<div class=\"elementor-container elementor-column-gap-default\">\n\t\t\t\t\t<div class=\"elementor-column elementor-col-100 elementor-top-column elementor-element elementor-element-1e78dd4\" data-id=\"1e78dd4\" data-element_type=\"column\" data-e-type=\"column\">\n\t\t\t<div class=\"elementor-widget-wrap elementor-element-populated\">\n\t\t\t\t\t\t<div class=\"elementor-element elementor-element-c5339fc elementor-widget elementor-widget-text-editor\" data-id=\"c5339fc\" data-element_type=\"widget\" data-e-type=\"widget\" data-settings=\"{&quot;ekit_we_effect_on&quot;:&quot;none&quot;}\" data-widget_type=\"text-editor.default\">\n\t\t\t\t\t\t<div class=\"elementor-widget-container\">\n\t\t\t\t\t\t\t\t\t<h1 style=\"text-align: center;\">Outils utiles pour votre voyage en Inde et dans les pays voisins<\/h1><p>Chez Art of Travel India Holidays, nous proposons non seulement des exp\u00e9riences de voyage fluides et m\u00e9morables en Inde et dans les pays voisins comme le N\u00e9pal et le Bhoutan, mais nous fournissons \u00e9galement des outils pratiques et utiles qui rendront votre exp\u00e9rience de voyage encore plus compl\u00e8te.<br \/>Sur notre page d&rsquo;outils, vous trouverez trois fonctionnalit\u00e9s cl\u00e9s : un *calculateur de distance*, un **convertisseur de devises* et un *v\u00e9rificateur m\u00e9t\u00e9o*. Ces outils sont con\u00e7us pour vous aider \u00e0 planifier vos voyages en Inde avec plus de pr\u00e9cision, \u00e0 v\u00e9rifier le taux de change de votre devise en temps r\u00e9el et \u00e0 rester inform\u00e9 de la m\u00e9t\u00e9o dans ou autour de n&rsquo;importe quelle ville indienne.<br \/><strong>Calculateur de distance<\/strong><br \/>Avec cet outil, vous pouvez calculer les distances entre les principales villes et destinations en Inde, vous permettant de planifier le temps de trajet n\u00e9cessaire pour vous rendre d&rsquo;un endroit \u00e0 un autre. Cette fonctionnalit\u00e9 est parfaite pour ceux qui souhaitent planifier un itin\u00e9raire d\u00e9taill\u00e9, car elle fournit une id\u00e9e claire de la dur\u00e9e et de la distance de chaque section du voyage.<br \/><strong>Convertisseur de devises<\/strong><br \/>Nous savons combien il est important d\u2019avoir le bon budget pour profiter au maximum de vos vacances. Notre convertisseur de devises vous permet de calculer rapidement et facilement le taux de change mis \u00e0 jour entre votre devise et la roupie indienne. Cela vous aidera \u00e0 mieux planifier vos d\u00e9penses lors de votre voyage en Inde, ainsi que vers des destinations proches comme le N\u00e9pal ou le Bhoutan.<br \/><strong>M\u00e9t\u00e9o en temps r\u00e9el<\/strong><br \/>Pour vous aider \u00e0 vous pr\u00e9parer \u00e0 tout type de m\u00e9t\u00e9o, notre v\u00e9rificateur m\u00e9t\u00e9o fournit des informations m\u00e9t\u00e9orologiques en temps r\u00e9el pour les principales villes d&rsquo;Inde. De la chaleur des plages du sud aux paysages de montagne frais du nord, cet outil est id\u00e9al pour ajuster votre itin\u00e9raire ou vous pr\u00e9parer avec les v\u00eatements appropri\u00e9s aux conditions m\u00e9t\u00e9orologiques actuelles.<br \/>Planifier vos <strong>voyages en Inde<\/strong> et autres destinations \u00e0 proximit\u00e9 est plus facile et plus agr\u00e9able avec Art of Travel India Holidays, o\u00f9 nous prenons non seulement soin de chaque d\u00e9tail de votre exp\u00e9rience de voyage, mais vous fournissons \u00e9galement ces outils pour faciliter votre aventure. Gr\u00e2ce \u00e0 notre exp\u00e9rience et \u00e0 notre engagement dans le secteur du tourisme, nous sommes convaincus de pouvoir vous offrir le voyage parfait pour d\u00e9couvrir la magie de l&rsquo;Inde et de ses cultures voisines, avec des services de qualit\u00e9 sup\u00e9rieure et les meilleurs tarifs.<\/p>\t\t\t\t\t\t\t\t<\/div>\n\t\t\t\t<\/div>\n\t\t\t\t\t<\/div>\n\t\t<\/div>\n\t\t\t\t\t<\/div>\n\t\t<\/section>\n\t\t\t\t<section class=\"elementor-section elementor-top-section elementor-element elementor-element-63cc35ce elementor-section-boxed elementor-section-height-default elementor-section-height-default\" data-id=\"63cc35ce\" data-element_type=\"section\" data-e-type=\"section\" data-settings=\"{&quot;_ha_eqh_enable&quot;:false}\">\n\t\t\t\t\t\t<div class=\"elementor-container elementor-column-gap-default\">\n\t\t\t\t\t<div class=\"elementor-column elementor-col-50 elementor-top-column elementor-element elementor-element-504dc026\" data-id=\"504dc026\" data-element_type=\"column\" data-e-type=\"column\">\n\t\t\t<div class=\"elementor-widget-wrap elementor-element-populated\">\n\t\t\t\t\t\t<div class=\"elementor-element elementor-element-d2eaa4b elementor-widget elementor-widget-sidebar\" data-id=\"d2eaa4b\" data-element_type=\"widget\" data-e-type=\"widget\" data-settings=\"{&quot;ekit_we_effect_on&quot;:&quot;none&quot;}\" data-widget_type=\"sidebar.default\">\n\t\t\t\t\t\t<div class=\"elementor-widget-container\">\n\t\t\t\t\t<section id=\"nav_menu-2\" class=\"widget widget_nav_menu\"><h3 class=\"widget-title\">Quick Links<\/h3><ul id=\"menu-destination-menu\" class=\"menu\"><li id=\"nav-menu-item-17003-69d44006ea6be\" class=\"mega-menu-item nav-item menu-item-depth-0 \"><a href=\"https:\/\/artoftravel.co.in\/fr\/nord-de-linde\/\" class=\"menu-link main-menu-link item-title\">Nord de l&rsquo;Inde<\/a><\/li>\n<li id=\"nav-menu-item-17004-69d44006ea6f5\" class=\"mega-menu-item nav-item menu-item-depth-0 \"><a href=\"https:\/\/artoftravel.co.in\/fr\/sud-de-linde\/\" class=\"menu-link main-menu-link item-title\">Sud de l&rsquo;Inde<\/a><\/li>\n<li id=\"nav-menu-item-17001-69d44006ea70a\" class=\"mega-menu-item nav-item menu-item-depth-0 \"><a href=\"https:\/\/artoftravel.co.in\/fr\/faune-de-linde\/\" class=\"menu-link main-menu-link item-title\">Faune de l&rsquo;Inde<\/a><\/li>\n<li id=\"nav-menu-item-16997-69d44006ea71a\" class=\"mega-menu-item nav-item menu-item-depth-0 \"><a href=\"https:\/\/artoftravel.co.in\/fr\/tour-de-montagne\/\" class=\"menu-link main-menu-link item-title\">Tour de Montagne<\/a><\/li>\n<li id=\"nav-menu-item-16991-69d44006ea72a\" class=\"mega-menu-item nav-item menu-item-depth-0 \"><a href=\"https:\/\/artoftravel.co.in\/fr\/ayurveda\/\" class=\"menu-link main-menu-link item-title\">Ayurv\u00e9da<\/a><\/li>\n<li id=\"nav-menu-item-16992-69d44006ea738\" class=\"mega-menu-item nav-item menu-item-depth-0 \"><a href=\"https:\/\/artoftravel.co.in\/fr\/bodas-en-la-india\/\" class=\"menu-link main-menu-link item-title\">Mariages en Inde<\/a><\/li>\n<li id=\"nav-menu-item-16990-69d44006ea745\" class=\"mega-menu-item nav-item menu-item-depth-0 \"><a href=\"https:\/\/artoftravel.co.in\/fr\/mela-du-kumbh\/\" class=\"menu-link main-menu-link item-title\">Mela du Kumbh<\/a><\/li>\n<li id=\"nav-menu-item-16993-69d44006ea752\" class=\"mega-menu-item nav-item menu-item-depth-0 \"><a href=\"https:\/\/artoftravel.co.in\/fr\/voyage-de-motivation\/\" class=\"menu-link main-menu-link item-title\">Viaje de incentivo<\/a><\/li>\n<li id=\"nav-menu-item-17002-69d44006ea75f\" class=\"mega-menu-item nav-item menu-item-depth-0 \"><a href=\"https:\/\/artoftravel.co.in\/fr\/trains-de-luxe-en-inde\/\" class=\"menu-link main-menu-link item-title\">Trains de luxe en Inde<\/a><\/li>\n<li id=\"nav-menu-item-16994-69d44006ea76c\" class=\"mega-menu-item nav-item menu-item-depth-0 \"><a href=\"https:\/\/artoftravel.co.in\/fr\/foire-de-pushkar\/\" class=\"menu-link main-menu-link item-title\">Foire de Pushkar<\/a><\/li>\n<li id=\"nav-menu-item-16995-69d44006ea778\" class=\"mega-menu-item nav-item menu-item-depth-0 \"><a href=\"https:\/\/artoftravel.co.in\/fr\/visites-guidees-des-foires-et-festivals\/\" class=\"menu-link main-menu-link item-title\">Visites guid\u00e9es des foires et festivals<\/a><\/li>\n<li id=\"nav-menu-item-16998-69d44006ea785\" class=\"mega-menu-item nav-item menu-item-depth-0 \"><a href=\"https:\/\/artoftravel.co.in\/fr\/faune-de-linde\/\" class=\"menu-link main-menu-link item-title\">Faune de l&rsquo;Inde<\/a><\/li>\n<li id=\"nav-menu-item-16999-69d44006ea793\" class=\"mega-menu-item nav-item menu-item-depth-0 \"><a href=\"https:\/\/artoftravel.co.in\/fr\/excursions-bouddhistes\/\" class=\"menu-link main-menu-link item-title\">Excursions Bouddhistes<\/a><\/li>\n<\/ul><\/section>\t\t\t\t<\/div>\n\t\t\t\t<\/div>\n\t\t\t\t\t<\/div>\n\t\t<\/div>\n\t\t\t\t<div class=\"elementor-column elementor-col-50 elementor-top-column elementor-element elementor-element-459203fb\" data-id=\"459203fb\" data-element_type=\"column\" data-e-type=\"column\">\n\t\t\t<div class=\"elementor-widget-wrap elementor-element-populated\">\n\t\t\t\t\t\t<section class=\"elementor-section elementor-inner-section elementor-element elementor-element-5e1a1126 elementor-section-boxed elementor-section-height-default elementor-section-height-default\" data-id=\"5e1a1126\" data-element_type=\"section\" data-e-type=\"section\" data-settings=\"{&quot;_ha_eqh_enable&quot;:false}\">\n\t\t\t\t\t\t<div class=\"elementor-container elementor-column-gap-default\">\n\t\t\t\t\t<div class=\"elementor-column elementor-col-50 elementor-inner-column elementor-element elementor-element-6401240b\" data-id=\"6401240b\" data-element_type=\"column\" data-e-type=\"column\">\n\t\t\t<div class=\"elementor-widget-wrap elementor-element-populated\">\n\t\t\t\t\t\t<div class=\"elementor-element elementor-element-37508817 elementor-widget elementor-widget-heading\" data-id=\"37508817\" data-element_type=\"widget\" data-e-type=\"widget\" data-settings=\"{&quot;ekit_we_effect_on&quot;:&quot;none&quot;}\" data-widget_type=\"heading.default\">\n\t\t\t\t\t\t<div class=\"elementor-widget-container\">\n\t\t\t\t\t<h5 class=\"elementor-heading-title elementor-size-default\">\nInformations m\u00e9t\u00e9orologiques<\/h5>\t\t\t\t<\/div>\n\t\t\t\t<\/div>\n\t\t\t\t<div class=\"elementor-element elementor-element-72b3daad elementor-widget elementor-widget-html\" data-id=\"72b3daad\" data-element_type=\"widget\" data-e-type=\"widget\" data-settings=\"{&quot;ekit_we_effect_on&quot;:&quot;none&quot;}\" data-widget_type=\"html.default\">\n\t\t\t\t\t\t<div class=\"elementor-widget-container\">\n\t\t\t\t\t<script src=\"https:\/\/apps.elfsight.com\/p\/platform.js\" defer><\/script>\r\n<div class=\"elfsight-app-33a9533c-0c4a-460a-8709-dc0f4563e25c\"><\/div>\t\t\t\t<\/div>\n\t\t\t\t<\/div>\n\t\t\t\t\t<\/div>\n\t\t<\/div>\n\t\t\t\t<div class=\"elementor-column elementor-col-50 elementor-inner-column elementor-element elementor-element-122af604\" data-id=\"122af604\" data-element_type=\"column\" data-e-type=\"column\">\n\t\t\t<div class=\"elementor-widget-wrap elementor-element-populated\">\n\t\t\t\t\t\t<div class=\"elementor-element elementor-element-33863527 elementor-widget elementor-widget-wp-widget-bcc_currency_widget\" data-id=\"33863527\" data-element_type=\"widget\" data-e-type=\"widget\" data-settings=\"{&quot;ekit_we_effect_on&quot;:&quot;none&quot;}\" data-widget_type=\"wp-widget-bcc_currency_widget.default\">\n\t\t\t\t\t\t<div class=\"elementor-widget-container\">\n\t\t\t\t\t<h5>Convertisseur de devises<\/h5>\t\t<div id=\"currency-bcc-69d44006eb5f2\" class=\"currency-bcc\">\r\n\t\t<\/div>\r\n\t\t<script type=\"text\/javascript\">\r\n\t\tvar wc = document.createElement(\"DIV\");\r\n\t\tfunction widgetTrigger(type, lang) {\r\n            var uniqID = '69d44006eb5f2';\r\n\r\n            var langg = (lang != '-1' && typeof lang != 'undefined') ? '&lang='+lang : \"\";\r\n            \r\n            var width = (type == 'custom') ? '200' : ((type == 'fix') ? 200 : 0);\r\n            var height = (type == 'custom') ? '350' : ((type == 'fix') ? 350 : 350);\r\n\r\n            var bg_color = '4f7ccb'\r\n            var font_color = 'FFFFFF'\r\n\r\n            var amount = '1';\r\n            var from = 'USD';\r\n            var to = 'EUR'\r\n            \r\n            var gradient = 'on'\r\n            var shadow = 'on'\r\n            var border = 'on'\r\n            var flag = 'on'\r\n            var display = 'c'\r\n            var currencies = ''\r\n            var symbol = 'off'\r\n            var monetary_format = '1'\r\n            var decimal_format = '2'\r\n            var date_format = '1'\r\n            var support = 'on'\r\n\r\n\t\t\twc.id = \"wc\"+uniqID;\r\n            wc.name = \"wc\"+uniqID;\r\n            var wc_style = \"position:relative;display:inline-block;border:none;min-width:200px;min-height:350px;\";\r\n            if (shadow && shadow == 'on') {\r\n                wc_style += \"box-shadow:0 0 5px #000;\";\r\n            }\r\n\r\n            var fr = document.createElement(\"IFRAME\");\r\n            if (width && height) {\r\n                if (width < 200 ) width = 200;\r\n                if (height < 350 ) height = 350;\r\n\r\n                fr.width = width+\"px\";\r\n                fr.height = height+\"px\";\r\n                wc_style += \"width:\"+width+\"px;\";\r\n                wc_style += \"height:\"+height+\"px;\";\r\n            }\r\n            else {\r\n                fr.width= \"100%\";\r\n                if (!height || height < 350 ) height = 350;\r\n                fr.height = height + \"px\";\r\n                wc_style += \"width:100%;\";\r\n                wc_style += \"height:\"+height+\"px;\";\r\n            }\r\n            wc.style = wc_style;\r\n            wc.innerHTML = ''\r\n            wc.appendChild(fr)\r\n\r\n            if(support && support == 'on') {\r\n                var lb=document.createElement(\"DIV\");\r\n                lb.style=\"position:absolute;display:inline-block;box-sizing:border-box;width:100%;left:0;bottom:0;padding:0 15px;text-align:right;line-height:25px;color:#{{$fc}};font-size:13px;font-family:Arial,Helvetica,sans-serif;\"\r\n                var lb_1=document.createElement(\"A\");\r\n                lb_1.innerHTML=from+\"\/\"+to;\r\n                lb_1.href=\"https:\/\/www.currency.wiki\/\"+from.toLowerCase()+\"_\"+to.toLowerCase();\r\n                lb_1.rel=\"nofollow\";\r\n                lb_1.target=\"_blank\";\r\n                lb_1.style=\"float:left;margin:0;padding:0;text-transform:uppercase;line-height:25px;color:#\"+font_color+\";\"\r\n                var lb_2=document.createElement(\"A\");\r\n                lb_2.innerHTML=\"Currency.Wiki\";\r\n                lb_2.href=\"https:\/\/www.currency.wiki\";\r\n                lb_2.rel=\"nofollow\";\r\n                lb_2.target=\"_blank\";\r\n                lb_2.style=\"line-height:25px;margin:0;padding:0;color:#\"+font_color+\";\"\r\n                lb.appendChild(lb_1);\r\n                lb.appendChild(lb_2);\r\n                wc.appendChild(lb);\r\n            }\r\n\r\n            fr.id = uniqID;\r\n            fr.name = uniqID;\r\n            fr.style = \"border:none;min-width:200px;min-height:350px\";\r\n            fr.width = (type == 'custom') ? width+\"px\" : ((type == 'fix') ? \"200px\" : \"100%\");\r\n            fr.height = (type == 'custom') ? height+\"px\" : ((type == 'fix') ? \"350px\" : \"100%\");\r\n\r\n\t\t\tdocument.getElementById(\"currency-bcc-\"+uniqID).appendChild(wc);\r\n\r\n            var yp = JSON.stringify({\r\n                cd:uniqID,\r\n                a: amount ? amount : 1, \/\/ amount\r\n                w: width, \/\/ width\r\n                h: height, \/\/ height\r\n                f: from.toUpperCase(), \/\/ from currency\r\n                t: to.toUpperCase(), \/\/ to currency\r\n                fc: font_color, \/\/ font color\r\n                c: bg_color, \/\/ bg color\r\n                g: gradient, \/\/ gradient bg\r\n                sh: shadow, \/\/ shadow\r\n                b: border, \/\/ border\r\n                fl: flag, \/\/ flag\r\n                p: display, \/\/ page - converter or exchange rates\r\n                cs: currencies, \/\/ currencies \r\n                s: symbol, \/\/ symbol right, left, off\r\n                mf: monetary_format, \/\/ monetary format\r\n                df: decimal_format, \/\/ decimal format\r\n                d: date_format, \/\/ date\r\n                su: support, \/\/ support us\r\n            });\r\n            \r\n            var url = \"https:\/\/www.currency.wiki\/widget\/embed?wd=1&f=\"+from+\"&t=\"+to+\"&cs=\"+currencies+\"&d=\"+date_format+\"&tm=\"+1775517702+langg;\r\n            url = url.replace(\/\\\"\/g, \"\");\r\n            fr.setAttribute(\"src\", url);\r\n            var w = window.frames[uniqID];\r\n            fr.onload = function() {\r\n                w.postMessage({\"t\": yp}, \"*\");\r\n            }\r\n\t\t}\r\n\t\twidgetTrigger('auto', 'en-US');\r\n\t\t<\/script>\r\n\t\t<style>\r\n\t        .currency-bcc iframe {border:none; outline: none;}\r\n\t    <\/style>\r\n\t\t\t\t\t\t<\/div>\n\t\t\t\t<\/div>\n\t\t\t\t\t<\/div>\n\t\t<\/div>\n\t\t\t\t\t<\/div>\n\t\t<\/section>\n\t\t\t\t\t<\/div>\n\t\t<\/div>\n\t\t\t\t\t<\/div>\n\t\t<\/section>\n\t\t\t\t<\/div>\n\t\t","protected":false},"excerpt":{"rendered":"<p>Outils utiles pour votre voyage en Inde et dans les pays voisins Chez Art of Travel India Holidays, nous proposons non seulement des exp\u00e9riences de voyage fluides et m\u00e9morables en<\/p>\n","protected":false},"author":1,"featured_media":18714,"parent":0,"menu_order":0,"comment_status":"closed","ping_status":"closed","template":"","meta":{"_acf_changed":false,"footnotes":""},"tour":[],"class_list":["post-17068","page","type-page","status-publish","has-post-thumbnail","hentry"],"acf":[],"_links":{"self":[{"href":"https:\/\/artoftravel.co.in\/fr\/wp-json\/wp\/v2\/pages\/17068","targetHints":{"allow":["GET"]}}],"collection":[{"href":"https:\/\/artoftravel.co.in\/fr\/wp-json\/wp\/v2\/pages"}],"about":[{"href":"https:\/\/artoftravel.co.in\/fr\/wp-json\/wp\/v2\/types\/page"}],"author":[{"embeddable":true,"href":"https:\/\/artoftravel.co.in\/fr\/wp-json\/wp\/v2\/users\/1"}],"replies":[{"embeddable":true,"href":"https:\/\/artoftravel.co.in\/fr\/wp-json\/wp\/v2\/comments?post=17068"}],"version-history":[{"count":47,"href":"https:\/\/artoftravel.co.in\/fr\/wp-json\/wp\/v2\/pages\/17068\/revisions"}],"predecessor-version":[{"id":25958,"href":"https:\/\/artoftravel.co.in\/fr\/wp-json\/wp\/v2\/pages\/17068\/revisions\/25958"}],"wp:featuredmedia":[{"embeddable":true,"href":"https:\/\/artoftravel.co.in\/fr\/wp-json\/wp\/v2\/media\/18714"}],"wp:attachment":[{"href":"https:\/\/artoftravel.co.in\/fr\/wp-json\/wp\/v2\/media?parent=17068"}],"wp:term":[{"taxonomy":"tour","embeddable":true,"href":"https:\/\/artoftravel.co.in\/fr\/wp-json\/wp\/v2\/tour?post=17068"}],"curies":[{"name":"wp","href":"https:\/\/api.w.org\/{rel}","templated":true}]}}