{"id":20489,"date":"2024-10-28T17:25:28","date_gmt":"2024-10-28T11:55:28","guid":{"rendered":"https:\/\/artoftravel.co.in\/fr\/?page_id=20489"},"modified":"2025-09-08T08:51:15","modified_gmt":"2025-09-08T06:51:15","slug":"les-bases-de-linde-triangle-dor","status":"publish","type":"page","link":"https:\/\/artoftravel.co.in\/fr\/nord-de-linde\/les-bases-de-linde-triangle-dor\/","title":{"rendered":"Les bases de l&rsquo;Inde (Triangle d&rsquo;Or)"},"content":{"rendered":"\t\t<div data-elementor-type=\"wp-page\" data-elementor-id=\"20489\" class=\"elementor elementor-20489\" data-elementor-settings=\"{&quot;ha_cmc_init_switcher&quot;:&quot;no&quot;}\" data-elementor-post-type=\"page\">\n\t\t\t\t\t\t<section class=\"elementor-section elementor-top-section elementor-element elementor-element-dae0e52 elementor-section-full_width elementor-section-height-default elementor-section-height-default\" data-id=\"dae0e52\" data-element_type=\"section\" data-e-type=\"section\" data-settings=\"{&quot;_ha_eqh_enable&quot;:false}\">\n\t\t\t\t\t\t<div class=\"elementor-container elementor-column-gap-default\">\n\t\t\t\t\t<div class=\"elementor-column elementor-col-100 elementor-top-column elementor-element elementor-element-18ba96e\" data-id=\"18ba96e\" data-element_type=\"column\" data-e-type=\"column\">\n\t\t\t<div class=\"elementor-widget-wrap elementor-element-populated\">\n\t\t\t\t\t\t<div class=\"elementor-element elementor-element-2c3f643 elementor-widget elementor-widget-heading\" data-id=\"2c3f643\" data-element_type=\"widget\" data-e-type=\"widget\" data-settings=\"{&quot;ekit_we_effect_on&quot;:&quot;none&quot;}\" data-widget_type=\"heading.default\">\n\t\t\t\t\t\t<div class=\"elementor-widget-container\">\n\t\t\t\t\t<h1 class=\"elementor-heading-title elementor-size-default\">Les bases de l'Inde (Triangle d'Or)<\/h1>\t\t\t\t<\/div>\n\t\t\t\t<\/div>\n\t\t\t\t\t<\/div>\n\t\t<\/div>\n\t\t\t\t\t<\/div>\n\t\t<\/section>\n\t\t\t\t<section class=\"elementor-section elementor-top-section elementor-element elementor-element-5832a2b elementor-section-full_width elementor-section-height-default elementor-section-height-default\" data-id=\"5832a2b\" data-element_type=\"section\" data-e-type=\"section\" data-settings=\"{&quot;_ha_eqh_enable&quot;:false}\">\n\t\t\t\t\t\t<div class=\"elementor-container elementor-column-gap-default\">\n\t\t\t\t\t<div class=\"elementor-column elementor-col-100 elementor-top-column elementor-element elementor-element-03a58d1\" data-id=\"03a58d1\" data-element_type=\"column\" data-e-type=\"column\">\n\t\t\t<div class=\"elementor-widget-wrap elementor-element-populated\">\n\t\t\t\t\t\t<div class=\"elementor-element elementor-element-d88a7d0 elementor-widget elementor-widget-text-editor\" data-id=\"d88a7d0\" data-element_type=\"widget\" data-e-type=\"widget\" data-settings=\"{&quot;ekit_we_effect_on&quot;:&quot;none&quot;}\" data-widget_type=\"text-editor.default\">\n\t\t\t\t\t\t<div class=\"elementor-widget-container\">\n\t\t\t\t\t\t\t\t\t<section class=\"elementor-section elementor-top-section elementor-element elementor-element-0d5b102 elementor-section-boxed elementor-section-height-default elementor-section-height-default elementskit-parallax-multi-container\" data-id=\"0d5b102\" data-element_type=\"section\" data-settings=\"{&quot;_ha_eqh_enable&quot;:false}\"><div class=\"elementor-container elementor-column-gap-default\"><div class=\"elementor-column elementor-col-100 elementor-top-column elementor-element elementor-element-78e2116\" data-id=\"78e2116\" data-element_type=\"column\"><div class=\"elementor-widget-wrap elementor-element-populated\"><div class=\"elementor-element elementor-element-71e43e7 elementor-widget elementor-widget-theme-post-title elementor-page-title elementor-widget-heading\" data-id=\"71e43e7\" data-element_type=\"widget\" data-settings=\"{&quot;ekit_we_effect_on&quot;:&quot;none&quot;}\" data-widget_type=\"theme-post-title.default\"><div class=\"elementor-widget-container\"><p style=\"text-align: center;\"><strong>Dur\u00e9e : 6 Jours \/ 5 Nuits<\/strong><br \/><strong>Localit\u00e9s : Delhi, Jaipur et Agra<\/strong><\/p><p><strong>Jour 01 &#8211; Arriv\u00e9e \u00e0 Delhi<\/strong><br \/>Arriv\u00e9e \u00e0 Delhi. Accueil et transfert \u00e0 l&rsquo;h\u00f4tel. Enregistrement et nuit \u00e0 l&rsquo;h\u00f4tel.<\/p><p><strong>Jour 02 &#8211; Delhi<\/strong><br \/>Petit d\u00e9jeuner \u00e0 l&rsquo;h\u00f4tel.<br \/>Le matin : Visite de la vieille ville de Delhi : Fort Rouge, Jama Masjid (la plus grande mosqu\u00e9e d&rsquo;Inde), Raj Ghat (m\u00e9morial de Mahatma Gandhi) et promenade en rickshaw dans la rue Chandani Chowk.<br \/>L&rsquo;apr\u00e8s-midi : Tour de New Delhi : Temple Birla, Gurudwara Bangla Sahib, Qutub Minar, et balade en voiture autour de l&rsquo;India Gate et des b\u00e2timents gouvernementaux.<br \/>Nuit \u00e0 l&rsquo;h\u00f4tel.<\/p><p><strong>Jour 03 &#8211; Delhi \u2013 Jaipur (En voiture, 260 km \/ 06 h)<\/strong><br \/>Petit d\u00e9jeuner \u00e0 l&rsquo;h\u00f4tel. D\u00e9part pour Jaipur. \u00c0 l&rsquo;arriv\u00e9e, enregistrement \u00e0 l&rsquo;h\u00f4tel. Nuit \u00e0 l&rsquo;h\u00f4tel.<\/p><p><strong>Jour 04 &#8211; Jaipur \u2013 Amber \u2013 Jaipur<\/strong><br \/>Petit d\u00e9jeuner \u00e0 l&rsquo;h\u00f4tel.<br \/>Excursion au Fort Amber : Profitez d&rsquo;une promenade \u00e0 dos d&rsquo;\u00e9l\u00e9phant pour atteindre le Fort Amber.<br \/>L&rsquo;apr\u00e8s-midi : Visite de la c\u00e9l\u00e8bre \u00ab Ville Rose \u00bb de Jaipur, avec le Palais de la Ville, le Hawa Mahal (Palais des Vents) et le Jantar Mantar (observatoire astronomique). Jaipur est r\u00e9put\u00e9e pour l&rsquo;impression de blocs sur textiles, la c\u00e9ramique bleue, la fabrication de tapis et les pierres semi-pr\u00e9cieuses.<br \/>Nuit \u00e0 l&rsquo;h\u00f4tel.<\/p><p><strong>Jour 05 &#8211; Jaipur \u2013 Fatehpur Sikri \u2013 Agra (En voiture, 240 km \/ 06 h)<\/strong><br \/>Petit d\u00e9jeuner \u00e0 l&rsquo;h\u00f4tel. D\u00e9part pour Agra, avec un arr\u00eat \u00e0 Fatehpur Sikri. Con\u00e7ue par l&#8217;empereur Akbar comme sa capitale, cette ville architecturale en gr\u00e8s rouge a \u00e9t\u00e9 habit\u00e9e pendant seulement quelques ann\u00e9es. Arriv\u00e9e \u00e0 Agra et transfert \u00e0 l&rsquo;h\u00f4tel.<br \/>L&rsquo;apr\u00e8s-midi : Visite du Taj Mahal et du Fort Rouge. Le Taj Mahal, construit par l&#8217;empereur moghol Shah Jahan comme mausol\u00e9e pour son \u00e9pouse, est l&rsquo;une des sept merveilles du monde. Le Fort Rouge, o\u00f9 Shah Jahan a \u00e9t\u00e9 emprisonn\u00e9 par son fils, offre une vue imprenable sur le Taj Mahal.<br \/>Nuit \u00e0 l&rsquo;h\u00f4tel.<\/p><p><strong>Jour 06 &#8211; Agra \u2013 Delhi (En voiture, 210 km \/ 05 h)<\/strong><br \/>Petit d\u00e9jeuner \u00e0 l&rsquo;h\u00f4tel. D\u00e9part pour Delhi. Aucun h\u00e9bergement pr\u00e9vu \u00e0 Delhi ce jour-l\u00e0. D\u00e9part de Delhi.<\/p><\/div><\/div><\/div><\/div><\/div><\/section>\t\t\t\t\t\t\t\t<\/div>\n\t\t\t\t<\/div>\n\t\t\t\t\t<\/div>\n\t\t<\/div>\n\t\t\t\t\t<\/div>\n\t\t<\/section>\n\t\t\t\t<\/div>\n\t\t","protected":false},"excerpt":{"rendered":"<p>Les bases de l&rsquo;Inde (Triangle d&rsquo;Or) Dur\u00e9e : 6 Jours \/ 5 Nuits Localit\u00e9s : Delhi, Jaipur et Agra Jour 01 &#8211; Arriv\u00e9e \u00e0 Delhi Arriv\u00e9e \u00e0 Delhi. Accueil et<\/p>\n","protected":false},"author":1,"featured_media":17632,"parent":16458,"menu_order":0,"comment_status":"closed","ping_status":"closed","template":"","meta":{"_acf_changed":false,"footnotes":""},"tour":[],"class_list":["post-20489","page","type-page","status-publish","has-post-thumbnail","hentry"],"acf":[],"_links":{"self":[{"href":"https:\/\/artoftravel.co.in\/fr\/wp-json\/wp\/v2\/pages\/20489","targetHints":{"allow":["GET"]}}],"collection":[{"href":"https:\/\/artoftravel.co.in\/fr\/wp-json\/wp\/v2\/pages"}],"about":[{"href":"https:\/\/artoftravel.co.in\/fr\/wp-json\/wp\/v2\/types\/page"}],"author":[{"embeddable":true,"href":"https:\/\/artoftravel.co.in\/fr\/wp-json\/wp\/v2\/users\/1"}],"replies":[{"embeddable":true,"href":"https:\/\/artoftravel.co.in\/fr\/wp-json\/wp\/v2\/comments?post=20489"}],"version-history":[{"count":12,"href":"https:\/\/artoftravel.co.in\/fr\/wp-json\/wp\/v2\/pages\/20489\/revisions"}],"predecessor-version":[{"id":25963,"href":"https:\/\/artoftravel.co.in\/fr\/wp-json\/wp\/v2\/pages\/20489\/revisions\/25963"}],"up":[{"embeddable":true,"href":"https:\/\/artoftravel.co.in\/fr\/wp-json\/wp\/v2\/pages\/16458"}],"wp:featuredmedia":[{"embeddable":true,"href":"https:\/\/artoftravel.co.in\/fr\/wp-json\/wp\/v2\/media\/17632"}],"wp:attachment":[{"href":"https:\/\/artoftravel.co.in\/fr\/wp-json\/wp\/v2\/media?parent=20489"}],"wp:term":[{"taxonomy":"tour","embeddable":true,"href":"https:\/\/artoftravel.co.in\/fr\/wp-json\/wp\/v2\/tour?post=20489"}],"curies":[{"name":"wp","href":"https:\/\/api.w.org\/{rel}","templated":true}]}}